{"id":849,"date":"2023-06-16T17:32:17","date_gmt":"2023-06-16T17:32:17","guid":{"rendered":"https:\/\/www.granadalatina.es\/?page_id=849"},"modified":"2025-10-07T13:34:59","modified_gmt":"2025-10-07T13:34:59","slug":"cashless","status":"publish","type":"page","link":"https:\/\/www.granadalatina.es\/en\/cashless\/","title":{"rendered":"CASHLESS"},"content":{"rendered":"<h1>CASHLESS<\/h1>\n<div>\n<h3 class=\"uk-text-center uk-scrollspy-inview \" data-id=\"page#6\" uk-scrollspy-class=\"\"><span>RECARGA Y PAGA CON TU PULSERA DENTRO DEL EVENTO<\/span><\/h3>\n<div class=\"uk-panel uk-margin uk-text-center\" data-id=\"page#7\">\n<section class=\"elementor-section elementor-inner-section elementor-element elementor-element-189bf7b1 elementor-section-boxed elementor-section-height-default elementor-section-height-default\" data-id=\"189bf7b1\" data-element_type=\"section\" data-settings=\"{&quot;background_background&quot;:&quot;classic&quot;}\">\n<div class=\"elementor-container elementor-column-gap-default\">\n<div class=\"elementor-column elementor-col-100 elementor-inner-column elementor-element elementor-element-214af0d3\" data-id=\"214af0d3\" data-element_type=\"column\">\n<div class=\"elementor-widget-wrap elementor-element-populated\">\n<div class=\"elementor-element elementor-element-36b6ad3d elementor-widget elementor-widget-text-editor\" data-id=\"36b6ad3d\" data-element_type=\"widget\" data-widget_type=\"text-editor.default\">\n<div class=\"elementor-widget-container\">\n<p>Integramos el sistema CASHLESS en las pulseras del festival para poder hacer un uso r\u00e1pido y c\u00f3modo cuando pidas en las barras. Te explicamos m\u00e1s abajo como funciona.<\/p>\n<p>Recargas con tarjeta y efectivo, la recarga en efectivo en los kioscos habilitados solo con billetes (m\u00ednimo 5\u20ac) los kioscos no devuelven cambio, introducir importe exacto.\u00a0<\/p>\n<\/div>\n<\/div>\n<\/div>\n<\/div>\n<\/div>\n<\/section>\n<\/div>\n<p><span><\/span><\/p>\n<\/div>\n<p><img decoding=\"async\" src=\"\/wp-content\/uploads\/2023\/06\/numero-1-1-2e16f82f.webp\" alt=\"\"><\/p>\n<h1>\n<p style=\"text-align: right;\"><span><strong>CANJEA<\/strong> tu entrada en la zona de pulseraci\u00f3n y recoge tu <strong>PULSERA NFC.<\/strong><\/span><\/p>\n<\/h1>\n<p><img decoding=\"async\" src=\"\/wp-content\/uploads\/2023\/06\/01-60dfd604.webp\" alt=\"\"><br \/>\n<img decoding=\"async\" src=\"\/wp-content\/uploads\/2023\/06\/numero-2-1-b42e9b49.webp\" alt=\"\"><\/p>\n<h1>\n<p style=\"text-align: right;\"><span><strong>RECARGA<\/strong> tu pulsera en los lugares habilitados como los <strong>CAJEROS<\/strong> que encontrar\u00e1s cerca de la entrada.<\/span><\/p>\n<\/h1>\n<p><img decoding=\"async\" src=\"\/wp-content\/uploads\/2023\/06\/2-fb581358.webp\" alt=\"\"><br \/>\n<img decoding=\"async\" src=\"\/wp-content\/uploads\/2023\/06\/numero-3-1-c4da143a.webp\" alt=\"\"><\/p>\n<h1>\n<p style=\"text-align: right;\"><span>AHORA PUEDES COMPRAR <strong>BEBIDA<\/strong> EN EL RECINTO DEL FESTIVAL.<\/span><\/p>\n<\/h1>\n<p><img decoding=\"async\" src=\"\/wp-content\/uploads\/2023\/06\/3-f581358-1.png\" alt=\"\"><br \/>\n<img decoding=\"async\" src=\"\/wp-content\/uploads\/2023\/06\/numero-4-2-3e0f5cd5.webp\" alt=\"\"><\/p>\n<h1>\n<p style=\"text-align: right;\"><span>PUEDES <strong>RECUPERAR<\/strong> EL DINERO SOBRANTE DE TU PULSERA VIA <strong>WEB<\/strong> UNA VEZ ACABADO EL FESTIVAL.<\/span><\/p>\n<\/h1>\n<p><img decoding=\"async\" src=\"\/wp-content\/uploads\/2023\/06\/4-499a7b2e.webp\" alt=\"\"><\/p>\n<p><!--more--><br \/>\n<!-- {\"type\":\"layout\",\"children\":[{\"type\":\"section\",\"props\":{\"image_position\":\"center-center\",\"status\":\"disabled\",\"style\":\"default\",\"title_breakpoint\":\"xl\",\"title_position\":\"top-left\",\"title_rotation\":\"left\",\"vertical_align\":\"\",\"width\":\"default\"},\"children\":[{\"type\":\"row\",\"children\":[{\"type\":\"column\",\"props\":{\"image_position\":\"center-center\",\"position_sticky_breakpoint\":\"m\"},\"children\":[{\"type\":\"text\",\"props\":{\"column_breakpoint\":\"m\",\"content\":\"\n\n<p style=\\\"text-align: center;\\\"><span>Plazo de devoluci\\u00f3n desde el martes 1 de julio a las 10h hasta el martes 8 julio a las 10h.<\\\/span><\\\/p>\\n\n\n<div style=\\\"text-align: center;\\\"><\\\/div>\",\"margin\":\"default\"}},{\"type\":\"button\",\"props\":{\"grid_column_gap\":\"small\",\"grid_row_gap\":\"small\",\"margin\":\"default\",\"text_align\":\"center\"},\"children\":[{\"type\":\"button_item\",\"props\":{\"button_style\":\"primary\",\"content\":\"SOLICITA TU DEVOLUCI\\u00d3N\",\"icon\":\"database\",\"icon_align\":\"left\",\"link\":\"https:\\\/\\\/cashless.safetyglobal.com\\\/devolucionesgranadalatina25\",\"link_target\":\"blank\"}}]},{\"type\":\"text\",\"props\":{\"column_breakpoint\":\"m\",\"content\":\"\n\n<p style=\\\"text-align: center;\\\"><span>Gastos de\\u00a0gesti\\u00f3n transferencia 2\\u20ac<\\\/span><\\\/p>\\n\n\n<p><span>Si tienes alguna incidencia contacta con: granadalatina25@eventsnfc.com<\\\/span><\\\/p>\\n\n\n<p><\\\/p>\\n\n\n<div style=\\\"text-align: center;\\\"><\\\/div>\",\"margin\":\"default\",\"text_align\":\"center\"}}]}]}],\"name\":\"BOTON DEVOLUCION\"},{\"type\":\"section\",\"props\":{\"animation\":\"scale-up\",\"animation_delay\":\"200\",\"image_position\":\"center-center\",\"preserve_color\":false,\"style\":\"default\",\"title_breakpoint\":\"xl\",\"title_position\":\"top-left\",\"title_rotation\":\"left\",\"vertical_align\":\"\",\"width\":\"small\"},\"children\":[{\"type\":\"row\",\"children\":[{\"type\":\"column\",\"props\":{\"image_position\":\"center-center\",\"position_sticky_breakpoint\":\"m\"},\"children\":[{\"type\":\"headline\",\"props\":{\"content\":\"CASHLESS\",\"text_align\":\"center\",\"title_element\":\"h1\"}},{\"type\":\"text\",\"props\":{\"column_breakpoint\":\"m\",\"content\":\"\n\n<h3 class=\\\"uk-text-center uk-scrollspy-inview \\\" data-id=\\\"page#6\\\" uk-scrollspy-class=\\\"\\\"><span>RECARGA Y PAGA CON TU PULSERA DENTRO DEL EVENTO<\\\/span><\\\/h3>\\n\n\n<div class=\\\"uk-panel uk-margin uk-text-center\\\" data-id=\\\"page#7\\\">\\n\n\n<section class=\\\"elementor-section elementor-inner-section elementor-element elementor-element-189bf7b1 elementor-section-boxed elementor-section-height-default elementor-section-height-default\\\" data-id=\\\"189bf7b1\\\" data-element_type=\\\"section\\\" data-settings=\\\"{&quot;background_background&quot;:&quot;classic&quot;}\\\">\\n\n\n<div class=\\\"elementor-container elementor-column-gap-default\\\">\\n\n\n<div class=\\\"elementor-column elementor-col-100 elementor-inner-column elementor-element elementor-element-214af0d3\\\" data-id=\\\"214af0d3\\\" data-element_type=\\\"column\\\">\\n\n\n<div class=\\\"elementor-widget-wrap elementor-element-populated\\\">\\n\n\n<div class=\\\"elementor-element elementor-element-36b6ad3d elementor-widget elementor-widget-text-editor\\\" data-id=\\\"36b6ad3d\\\" data-element_type=\\\"widget\\\" data-widget_type=\\\"text-editor.default\\\">\\n\n\n<div class=\\\"elementor-widget-container\\\">\\n\n\n<p>Integramos el sistema CASHLESS en las pulseras del festival para poder hacer un uso r\\u00e1pido y c\\u00f3modo cuando pidas en las barras. Te explicamos m\\u00e1s abajo como funciona.<\\\/p>\\n\n\n<p>Recargas con tarjeta y efectivo, la recarga en efectivo en los kioscos habilitados solo con billetes (m\\u00ednimo 5\\u20ac) los kioscos no devuelven cambio, introducir importe exacto.\\u00a0<\\\/p>\\n<\\\/div>\\n<\\\/div>\\n<\\\/div>\\n<\\\/div>\\n<\\\/div>\\n<\\\/section>\\n<\\\/div>\\n\n\n<p><span><\\\/span><\\\/p>\",\"margin\":\"default\",\"text_align\":\"center\"}}]}]}],\"name\":\"logo inicio\"},{\"type\":\"section\",\"props\":{\"animation\":\"slide-left\",\"animation_delay\":\"300\",\"image_position\":\"center-center\",\"status\":\"disabled\",\"style\":\"primary\",\"title_breakpoint\":\"xl\",\"title_position\":\"top-left\",\"title_rotation\":\"left\",\"vertical_align\":\"\",\"width\":\"small\"},\"children\":[{\"type\":\"row\",\"children\":[{\"type\":\"column\",\"props\":{\"image_position\":\"center-center\",\"position_sticky_breakpoint\":\"m\"},\"children\":[{\"type\":\"headline\",\"props\":{\"content\":\"PROCESO DE DEVOLUCI\\u00d3N\",\"title_element\":\"h1\"}},{\"type\":\"image\",\"props\":{\"animation\":\"parallax\",\"image\":\"wp-content\\\/uploads\\\/2023\\\/06\\\/numero-1-1-2e16f82f.webp\",\"image_svg_color\":\"emphasis\",\"margin\":\"default\",\"parallax_x\":\"50\"}}]}]},{\"type\":\"row\",\"props\":{\"layout\":\"1-2,1-2\"},\"children\":[{\"type\":\"column\",\"props\":{\"image_position\":\"center-center\",\"position_sticky_breakpoint\":\"m\",\"width_medium\":\"1-2\"},\"children\":[{\"type\":\"headline\",\"props\":{\"content\":\"\n\n<div class=\\\"page\\\" title=\\\"Page 1\\\">\\n\n\n<div class=\\\"section\\\">\\n\n\n<div class=\\\"layoutArea\\\">\\n\n\n<div class=\\\"column\\\">\\n\n\n<p style=\\\"text-align: right;\\\"><span>Selecciona la opci\\u00f3n <\\\/span><strong>\\u201cDevoluci\\u00f3n del saldo\\u201d.<\\\/strong><\\\/p>\\n<\\\/div>\\n<\\\/div>\\n<\\\/div>\\n<\\\/div>\",\"title_decoration\":\"line\",\"title_element\":\"h1\",\"title_style\":\"h2\"}}]},{\"type\":\"column\",\"props\":{\"image_position\":\"center-center\",\"position_sticky_breakpoint\":\"m\",\"width_medium\":\"1-2\"},\"children\":[{\"type\":\"image\",\"props\":{\"image\":\"wp-content\\\/uploads\\\/2023\\\/06\\\/1.png\",\"image_svg_color\":\"emphasis\",\"margin\":\"default\"}}]}]},{\"type\":\"row\",\"children\":[{\"type\":\"column\",\"props\":{\"image_position\":\"center-center\",\"position_sticky_breakpoint\":\"m\"},\"children\":[{\"type\":\"image\",\"props\":{\"animation\":\"parallax\",\"image\":\"wp-content\\\/uploads\\\/2023\\\/06\\\/numero-2-1-b42e9b49.webp\",\"image_svg_color\":\"emphasis\",\"margin\":\"default\",\"parallax_x\":\"50\"}}]}]},{\"type\":\"row\",\"props\":{\"layout\":\"1-2,1-2\"},\"children\":[{\"type\":\"column\",\"props\":{\"image_position\":\"center-center\",\"position_sticky_breakpoint\":\"m\",\"width_medium\":\"1-2\"},\"children\":[{\"type\":\"headline\",\"props\":{\"content\":\"\n\n<div style=\\\"text-align: right;\\\"><span>Introduce un <strong>email<\\\/strong> v\\u00e1lido.<\\\/span><\\\/div>\\n\n\n<div><\\\/div>\",\"title_decoration\":\"line\",\"title_element\":\"h1\",\"title_style\":\"h2\"}}]},{\"type\":\"column\",\"props\":{\"image_position\":\"center-center\",\"position_sticky_breakpoint\":\"m\",\"width_medium\":\"1-2\"},\"children\":[{\"type\":\"image\",\"props\":{\"image\":\"wp-content\\\/uploads\\\/2023\\\/06\\\/2.png\",\"image_svg_color\":\"emphasis\",\"margin\":\"default\"}}]}]},{\"type\":\"row\",\"children\":[{\"type\":\"column\",\"props\":{\"image_position\":\"center-center\",\"position_sticky_breakpoint\":\"m\"},\"children\":[{\"type\":\"image\",\"props\":{\"animation\":\"parallax\",\"image\":\"wp-content\\\/uploads\\\/2023\\\/06\\\/numero-3-1-c4da143a.webp\",\"image_svg_color\":\"emphasis\",\"margin\":\"default\",\"parallax_x\":\"50\"}}]}]},{\"type\":\"row\",\"props\":{\"layout\":\"1-2,1-2\"},\"children\":[{\"type\":\"column\",\"props\":{\"image_position\":\"center-center\",\"position_sticky_breakpoint\":\"m\",\"width_medium\":\"1-2\"},\"children\":[{\"type\":\"headline\",\"props\":{\"content\":\"\n\n<div style=\\\"text-align: right;\\\"><span>Introduce el <b>c\\u00f3digo <\\\/b>de tu pulsera.<\\\/span><\\\/div>\\n\n\n<div><\\\/div>\",\"title_decoration\":\"line\",\"title_element\":\"h1\",\"title_style\":\"h2\"}}]},{\"type\":\"column\",\"props\":{\"image_position\":\"center-center\",\"position_sticky_breakpoint\":\"m\",\"width_medium\":\"1-2\"},\"children\":[{\"type\":\"image\",\"props\":{\"image\":\"wp-content\\\/uploads\\\/2023\\\/06\\\/3.png\",\"image_svg_color\":\"emphasis\",\"margin\":\"default\"}}]}]},{\"type\":\"row\",\"children\":[{\"type\":\"column\",\"props\":{\"image_position\":\"center-center\",\"position_sticky_breakpoint\":\"m\"},\"children\":[{\"type\":\"image\",\"props\":{\"animation\":\"parallax\",\"image\":\"wp-content\\\/uploads\\\/2023\\\/06\\\/numero-4-2-3e0f5cd5.webp\",\"image_svg_color\":\"emphasis\",\"margin\":\"default\",\"parallax_x\":\"50\"}}]}]},{\"type\":\"row\",\"props\":{\"layout\":\"1-2,1-2\"},\"children\":[{\"type\":\"column\",\"props\":{\"image_position\":\"center-center\",\"position_sticky_breakpoint\":\"m\",\"width_medium\":\"1-2\"},\"children\":[{\"type\":\"headline\",\"props\":{\"content\":\"\n\n<div class=\\\"page\\\" title=\\\"Page 1\\\">\\n\n\n<div class=\\\"section\\\">\\n\n\n<div class=\\\"layoutArea\\\">\\n\n\n<div class=\\\"column\\\">\\n\n\n<p style=\\\"text-align: right;\\\"><span>Introduce tus <\\\/span><span><strong>datos<\\\/strong> <\\\/span><span>y tu <\\\/span><strong>n\\u00famero de cuenta.<\\\/strong><\\\/p>\\n<\\\/div>\\n<\\\/div>\\n<\\\/div>\\n<\\\/div>\",\"title_decoration\":\"line\",\"title_element\":\"h1\",\"title_style\":\"h2\"}}]},{\"type\":\"column\",\"props\":{\"image_position\":\"center-center\",\"position_sticky_breakpoint\":\"m\",\"width_medium\":\"1-2\"},\"children\":[{\"type\":\"image\",\"props\":{\"image\":\"wp-content\\\/uploads\\\/2023\\\/06\\\/4.png\",\"image_svg_color\":\"emphasis\",\"margin\":\"default\"}}]}]},{\"type\":\"row\",\"children\":[{\"type\":\"column\",\"props\":{\"image_position\":\"center-center\",\"position_sticky_breakpoint\":\"m\"},\"children\":[{\"type\":\"image\",\"props\":{\"animation\":\"parallax\",\"image\":\"wp-content\\\/uploads\\\/2023\\\/06\\\/5.png\",\"image_svg_color\":\"emphasis\",\"margin\":\"default\",\"parallax_x\":\"50\"}}]}]},{\"type\":\"row\",\"props\":{\"layout\":\"1-2,1-2\"},\"children\":[{\"type\":\"column\",\"props\":{\"image_position\":\"center-center\",\"position_sticky_breakpoint\":\"m\",\"width_medium\":\"1-2\"},\"children\":[{\"type\":\"headline\",\"props\":{\"content\":\"\n\n<div class=\\\"page\\\" title=\\\"Page 1\\\">\\n\n\n<div class=\\\"section\\\">\\n\n\n<div class=\\\"layoutArea\\\">\\n\n\n<div class=\\\"column\\\">\\n\n\n<p style=\\\"text-align: right;\\\"><span>Si te queda saldo a devolver, <\\\/span><strong>dale al <\\\/strong><span><strong>bot\\u00f3n confirmar<\\\/strong> <\\\/span><span>para finalizar el <\\\/span><span>proceso.<\\\/span><\\\/p>\\n<\\\/div>\\n<\\\/div>\\n<\\\/div>\\n<\\\/div>\",\"title_decoration\":\"line\",\"title_element\":\"h1\",\"title_style\":\"h2\"}}]},{\"type\":\"column\",\"props\":{\"image_position\":\"center-center\",\"position_sticky_breakpoint\":\"m\",\"width_medium\":\"1-2\"},\"children\":[{\"type\":\"image\",\"props\":{\"image\":\"wp-content\\\/uploads\\\/2023\\\/06\\\/5-1.png\",\"image_svg_color\":\"emphasis\",\"margin\":\"default\"}}]}]},{\"type\":\"row\",\"children\":[{\"type\":\"column\",\"props\":{\"image_position\":\"center-center\",\"position_sticky_breakpoint\":\"m\"},\"children\":[{\"type\":\"image\",\"props\":{\"animation\":\"parallax\",\"image\":\"wp-content\\\/uploads\\\/2023\\\/06\\\/6.png\",\"image_svg_color\":\"emphasis\",\"margin\":\"default\",\"parallax_x\":\"50\"}}]}]},{\"type\":\"row\",\"props\":{\"layout\":\"1-2,1-2\"},\"children\":[{\"type\":\"column\",\"props\":{\"image_position\":\"center-center\",\"position_sticky_breakpoint\":\"m\",\"width_medium\":\"1-2\"},\"children\":[{\"type\":\"headline\",\"props\":{\"content\":\"\n\n<div class=\\\"page\\\" title=\\\"Page 1\\\">\\n\n\n<div class=\\\"section\\\">\\n\n\n<div class=\\\"layoutArea\\\">\\n\n\n<div class=\\\"column\\\">\\n\n\n<div class=\\\"page\\\" title=\\\"Page 1\\\">\\n\n\n<div class=\\\"section\\\">\\n\n\n<div class=\\\"layoutArea\\\">\\n\n\n<div class=\\\"column\\\">\\n\n\n<p style=\\\"text-align: right;\\\">Si aparece este mensaje, tu devoluci\\u00f3n se ha <strong>solicitado correctamente.<\\\/strong><\\\/p>\\n<\\\/div>\\n<\\\/div>\\n<\\\/div>\\n<\\\/div>\\n<\\\/div>\\n<\\\/div>\\n<\\\/div>\\n<\\\/div>\",\"title_decoration\":\"line\",\"title_element\":\"h1\",\"title_style\":\"h2\"}}]},{\"type\":\"column\",\"props\":{\"image_position\":\"center-center\",\"position_sticky_breakpoint\":\"m\",\"width_medium\":\"1-2\"},\"children\":[{\"type\":\"image\",\"props\":{\"image\":\"wp-content\\\/uploads\\\/2023\\\/06\\\/6-1.png\",\"image_svg_color\":\"emphasis\",\"margin\":\"default\"}}]}]}],\"name\":\"INSTRUCCIONES DEVOLUCIONES\"},{\"type\":\"section\",\"props\":{\"animation\":\"slide-left\",\"image_position\":\"center-center\",\"style\":\"secondary\",\"title_breakpoint\":\"xl\",\"title_position\":\"top-left\",\"title_rotation\":\"left\",\"vertical_align\":\"\",\"width\":\"default\"},\"children\":[{\"type\":\"row\",\"children\":[{\"type\":\"column\",\"props\":{\"image_position\":\"center-center\",\"position_sticky_breakpoint\":\"m\"},\"children\":[{\"type\":\"image\",\"props\":{\"animation\":\"parallax\",\"image\":\"wp-content\\\/uploads\\\/2023\\\/06\\\/numero-1-1-2e16f82f.webp\",\"image_svg_color\":\"emphasis\",\"margin\":\"default\",\"parallax_x\":\"50\"}}]}]},{\"type\":\"row\",\"props\":{\"layout\":\"1-2,1-2\"},\"children\":[{\"type\":\"column\",\"props\":{\"image_position\":\"center-center\",\"position_sticky_breakpoint\":\"m\",\"width_medium\":\"1-2\"},\"children\":[{\"type\":\"headline\",\"props\":{\"content\":\"\n\n<p style=\\\"text-align: right;\\\"><span><strong>CANJEA<\\\/strong> tu entrada en la zona de pulseraci\\u00f3n y recoge tu <strong>PULSERA NFC.<\\\/strong><\\\/span><\\\/p>\",\"title_decoration\":\"line\",\"title_element\":\"h1\",\"title_style\":\"h2\"}}]},{\"type\":\"column\",\"props\":{\"image_position\":\"center-center\",\"position_sticky_breakpoint\":\"m\",\"width_medium\":\"1-2\"},\"children\":[{\"type\":\"image\",\"props\":{\"image\":\"wp-content\\\/uploads\\\/2023\\\/06\\\/01-60dfd604.webp\",\"image_svg_color\":\"emphasis\",\"margin\":\"default\"}}]}]},{\"type\":\"row\",\"children\":[{\"type\":\"column\",\"props\":{\"image_position\":\"center-center\",\"position_sticky_breakpoint\":\"m\"},\"children\":[{\"type\":\"image\",\"props\":{\"animation\":\"parallax\",\"image\":\"wp-content\\\/uploads\\\/2023\\\/06\\\/numero-2-1-b42e9b49.webp\",\"image_svg_color\":\"emphasis\",\"margin\":\"default\",\"parallax_x\":\"50\"}}]}]},{\"type\":\"row\",\"props\":{\"layout\":\"1-2,1-2\"},\"children\":[{\"type\":\"column\",\"props\":{\"image_position\":\"center-center\",\"position_sticky_breakpoint\":\"m\",\"width_medium\":\"1-2\"},\"children\":[{\"type\":\"headline\",\"props\":{\"content\":\"\n\n<p style=\\\"text-align: right;\\\"><span><strong>RECARGA<\\\/strong> tu pulsera en los lugares habilitados como los <strong>CAJEROS<\\\/strong> que encontrar\\u00e1s cerca de la entrada.<\\\/span><\\\/p>\",\"title_decoration\":\"line\",\"title_element\":\"h1\",\"title_style\":\"h2\"}}]},{\"type\":\"column\",\"props\":{\"image_position\":\"center-center\",\"position_sticky_breakpoint\":\"m\",\"width_medium\":\"1-2\"},\"children\":[{\"type\":\"image\",\"props\":{\"image\":\"wp-content\\\/uploads\\\/2023\\\/06\\\/2-fb581358.webp\",\"image_svg_color\":\"emphasis\",\"margin\":\"default\"}}]}]},{\"type\":\"row\",\"children\":[{\"type\":\"column\",\"props\":{\"image_position\":\"center-center\",\"position_sticky_breakpoint\":\"m\"},\"children\":[{\"type\":\"image\",\"props\":{\"animation\":\"parallax\",\"image\":\"wp-content\\\/uploads\\\/2023\\\/06\\\/numero-3-1-c4da143a.webp\",\"image_svg_color\":\"emphasis\",\"margin\":\"default\",\"parallax_x\":\"50\"}}]}]},{\"type\":\"row\",\"props\":{\"layout\":\"1-2,1-2\"},\"children\":[{\"type\":\"column\",\"props\":{\"image_position\":\"center-center\",\"position_sticky_breakpoint\":\"m\",\"width_medium\":\"1-2\"},\"children\":[{\"type\":\"headline\",\"props\":{\"content\":\"\n\n<p style=\\\"text-align: right;\\\"><span>AHORA PUEDES COMPRAR <strong>BEBIDA<\\\/strong> EN EL RECINTO DEL FESTIVAL.<\\\/span><\\\/p>\",\"title_decoration\":\"line\",\"title_element\":\"h1\",\"title_style\":\"h2\"}}]},{\"type\":\"column\",\"props\":{\"image_position\":\"center-center\",\"position_sticky_breakpoint\":\"m\",\"width_medium\":\"1-2\"},\"children\":[{\"type\":\"image\",\"props\":{\"image\":\"wp-content\\\/uploads\\\/2023\\\/06\\\/3-f581358-1.png\",\"image_svg_color\":\"emphasis\",\"margin\":\"default\"}}]}]},{\"type\":\"row\",\"children\":[{\"type\":\"column\",\"props\":{\"image_position\":\"center-center\",\"position_sticky_breakpoint\":\"m\"},\"children\":[{\"type\":\"image\",\"props\":{\"animation\":\"parallax\",\"image\":\"wp-content\\\/uploads\\\/2023\\\/06\\\/numero-4-2-3e0f5cd5.webp\",\"image_svg_color\":\"emphasis\",\"margin\":\"default\",\"parallax_x\":\"50\"}}]}]},{\"type\":\"row\",\"props\":{\"layout\":\"1-2,1-2\"},\"children\":[{\"type\":\"column\",\"props\":{\"image_position\":\"center-center\",\"position_sticky_breakpoint\":\"m\",\"width_medium\":\"1-2\"},\"children\":[{\"type\":\"headline\",\"props\":{\"content\":\"\n\n<p style=\\\"text-align: right;\\\"><span>PUEDES <strong>RECUPERAR<\\\/strong> EL DINERO SOBRANTE DE TU PULSERA VIA <strong>WEB<\\\/strong> UNA VEZ ACABADO EL FESTIVAL.<\\\/span><\\\/p>\",\"title_decoration\":\"line\",\"title_element\":\"h1\",\"title_style\":\"h2\"}}]},{\"type\":\"column\",\"props\":{\"image_position\":\"center-center\",\"position_sticky_breakpoint\":\"m\",\"width_medium\":\"1-2\"},\"children\":[{\"type\":\"image\",\"props\":{\"image\":\"wp-content\\\/uploads\\\/2023\\\/06\\\/4-499a7b2e.webp\",\"image_svg_color\":\"emphasis\",\"margin\":\"default\"}}]}]}],\"name\":\"informaci\\u00f3n cashless\"}],\"version\":\"4.4.10\"} --><\/p>\n","protected":false},"excerpt":{"rendered":"<p>CASHLESS RECARGA Y PAGA CON TU PULSERA DENTRO DEL EVENTO Integramos el sistema CASHLESS en las pulseras del festival para poder hacer un uso r\u00e1pido y c\u00f3modo cuando pidas en las barras. Te explicamos m\u00e1s abajo como funciona. Recargas con tarjeta y efectivo, la recarga en efectivo en los kioscos habilitados solo con billetes (m\u00ednimo [&hellip;]<\/p>\n","protected":false},"author":1,"featured_media":0,"parent":0,"menu_order":0,"comment_status":"closed","ping_status":"closed","template":"","meta":{"footnotes":""},"class_list":["post-849","page","type-page","status-publish","hentry"],"_links":{"self":[{"href":"https:\/\/www.granadalatina.es\/en\/wp-json\/wp\/v2\/pages\/849","targetHints":{"allow":["GET"]}}],"collection":[{"href":"https:\/\/www.granadalatina.es\/en\/wp-json\/wp\/v2\/pages"}],"about":[{"href":"https:\/\/www.granadalatina.es\/en\/wp-json\/wp\/v2\/types\/page"}],"author":[{"embeddable":true,"href":"https:\/\/www.granadalatina.es\/en\/wp-json\/wp\/v2\/users\/1"}],"replies":[{"embeddable":true,"href":"https:\/\/www.granadalatina.es\/en\/wp-json\/wp\/v2\/comments?post=849"}],"version-history":[{"count":120,"href":"https:\/\/www.granadalatina.es\/en\/wp-json\/wp\/v2\/pages\/849\/revisions"}],"predecessor-version":[{"id":1954,"href":"https:\/\/www.granadalatina.es\/en\/wp-json\/wp\/v2\/pages\/849\/revisions\/1954"}],"wp:attachment":[{"href":"https:\/\/www.granadalatina.es\/en\/wp-json\/wp\/v2\/media?parent=849"}],"curies":[{"name":"wp","href":"https:\/\/api.w.org\/{rel}","templated":true}]}}