{"id":7,"date":"2020-06-13T18:05:44","date_gmt":"2020-06-13T18:05:44","guid":{"rendered":"http:\/\/www.granadalatinafestival.es\/?page_id=7"},"modified":"2026-04-10T10:42:25","modified_gmt":"2026-04-10T10:42:25","slug":"home","status":"publish","type":"page","link":"https:\/\/www.granadalatina.es\/en\/","title":{"rendered":"HOME"},"content":{"rendered":"<p><img decoding=\"async\" src=\"\/wp-content\/uploads\/2025\/10\/LOGO-COLOR26.png\" alt=\"\"><br \/>\n<img decoding=\"async\" src=\"\/wp-content\/uploads\/2025\/10\/fecha2026.png\" alt=\"\"><br \/>\n<time datetime=\"2026-06-20T15:00:00.000Z\">2026-06-20T15:00:00.000Z<\/time><br \/>\n<img decoding=\"async\" src=\"\/wp-content\/uploads\/2025\/10\/florizq.png\" alt=\"\"><br \/>\n<img decoding=\"async\" src=\"\/wp-content\/uploads\/2025\/10\/florizq.png\" alt=\"\"><br \/>\n<img decoding=\"async\" src=\"\/wp-content\/uploads\/2025\/10\/FLORDRE.png\" alt=\"\"><br \/>\n<img decoding=\"async\" src=\"\/wp-content\/uploads\/2025\/10\/FLORDRE.png\" alt=\"\"><\/p>\n<h1>\n<h3 style=\"text-align: center;\">CONSIGUE AQU\u00cd TUS ENTRADAS<\/h3>\n<\/h1>\n<p>\n    <a href=\"\/entradas\/\">COMPRAR ENTRADAS<\/a>\n<\/p>\n<ul>\n<li>\n<p>        <img decoding=\"async\" src=\"\/wp-content\/uploads\/2025\/11\/jcreyes.jpeg\" alt=\"\"><\/p>\n<h3>jcreyes<\/h3>\n<\/li>\n<li>\n<p>        <img decoding=\"async\" src=\"\/wp-content\/uploads\/2025\/11\/MORAD_CUADRADO.jpg\" alt=\"\"><\/p>\n<h3>MORAD_CUADRADO<\/h3>\n<\/li>\n<li>\n<p>        <img decoding=\"async\" src=\"\/wp-content\/uploads\/2025\/12\/RVFV_CUADRADO.jpg\" alt=\"\"><\/p>\n<h3>RVFV_CUADRADO<\/h3>\n<\/li>\n<li>\n<p>        <img decoding=\"async\" src=\"\/wp-content\/uploads\/2026\/04\/JOSEDELASHERAS_CUADRADO.jpg\" alt=\"\"><\/p>\n<h3>JOSEDELASHERAS_CUADRADO<\/h3>\n<\/li>\n<li>\n<p>        <img decoding=\"async\" src=\"\/wp-content\/uploads\/2026\/04\/KIDDVOODOO_CUADRADO.jpg\" alt=\"\"><\/p>\n<h3>KIDDVOODOO_CUADRADO<\/h3>\n<\/li>\n<li>\n<p>        <img decoding=\"async\" src=\"\/wp-content\/uploads\/2026\/03\/ROA_CUADRADO.jpg\" alt=\"\"><\/p>\n<h3>ROA_CUADRADO<\/h3>\n<\/li>\n<li>\n<p>        <img decoding=\"async\" src=\"\/wp-content\/uploads\/2026\/02\/IMG_6409.jpeg\" alt=\"\"><\/p>\n<h3>IMG_6409<\/h3>\n<\/li>\n<\/ul>\n<h1>\n<h1 align=\"center\" style=\"text-align: left;\"><span>\u00a120.000 GRACIAS!<\/span><\/h1>\n<\/h1>\n<p><img decoding=\"async\" src=\"\/wp-content\/uploads\/2024\/06\/GRACIAS.jpg\" alt=\"\"><\/p>\n<div>\n<p>M\u00e1s de 20.000 personas ha congregado la tercera edici\u00f3n de Granada Latina Festival, celebrada este pasado s\u00e1bado en el Cortijo del Conde de la ciudad nazar\u00ed. Artistas del calibre de Anuel AA, Jhayco, Lola \u00cdndigo, Morad, Maka, Mar\u00eda Becerra, Cano, JC Reyes o Ballesteros han brillado en uno de los festivales indispensables del verano que ya pone la mirada en su cuarta edici\u00f3n.<\/p>\n<\/div>\n<p>\n    <a href=\"\/20-000-gracias\/\">leer m\u00e1s<\/a>\n<\/p>\n<h1>\n<h1 align=\"center\" style=\"text-align: left;\"><span>\u00a1CUENTA ATR\u00c1S!<\/span><\/h1>\n<\/h1>\n<p><img decoding=\"async\" src=\"\/wp-content\/uploads\/2024\/06\/horarios-granada-latina.jpg\" alt=\"\"><\/p>\n<div>\n<p>\u00a1Lleg\u00f3 la hora! Ya ha pasado un a\u00f1o desde que en 2023 se reunieran m\u00e1s de 25.000 personas en el festival Granada Latina Festival, convirtiendo la ciudad en el epicentro de la escena latina. El pr\u00f3ximo s\u00e1bado 22 de junio repetimos cita ineludible en el Cortijo del Conde (Granada) con los m\u00e1ximos referentes internacionales del urban latino: Anuel AA, Jhayco, Lola \u00cdndigo, Morad, Maka, Mar\u00eda Becerra, Cano, JC Reyes y Ballesteros te esperan en la tercera edici\u00f3n de Granada Latina Festival.<\/p>\n<\/div>\n<p>\n    <a href=\"\/cuenta-atras\/\">leer m\u00e1s<\/a>\n<\/p>\n<ul>\n<li>\n<p>        <img decoding=\"async\" src=\"\/wp-content\/uploads\/2026\/03\/257A6811.jpg\" alt=\"\"><\/p>\n<h3>257A6811<\/h3>\n<\/li>\n<li>\n<p>        <img decoding=\"async\" src=\"\/wp-content\/uploads\/2026\/03\/257A7919.jpg\" alt=\"\"><\/p>\n<h3>257A7919<\/h3>\n<\/li>\n<li>\n<p>        <img decoding=\"async\" src=\"\/wp-content\/uploads\/2026\/03\/257A6943.jpg\" alt=\"\"><\/p>\n<h3>257A6943<\/h3>\n<\/li>\n<li>\n<p>        <img decoding=\"async\" src=\"\/wp-content\/uploads\/2026\/03\/257A6852.jpg\" alt=\"\"><\/p>\n<h3>257A6852<\/h3>\n<\/li>\n<li>\n<p>        <img decoding=\"async\" src=\"\/wp-content\/uploads\/2026\/03\/257A8346.jpg\" alt=\"\"><\/p>\n<h3>257A8346<\/h3>\n<\/li>\n<li>\n<p>        <img decoding=\"async\" src=\"\/wp-content\/uploads\/2026\/03\/257A8523.jpg\" alt=\"\"><\/p>\n<h3>257A8523<\/h3>\n<\/li>\n<li>\n<p>        <img decoding=\"async\" src=\"\/wp-content\/uploads\/2026\/03\/257A8506.jpg\" alt=\"\"><\/p>\n<h3>257A8506<\/h3>\n<\/li>\n<li>\n<p>        <img decoding=\"async\" src=\"\/wp-content\/uploads\/2026\/03\/257A6997.jpg\" alt=\"\"><\/p>\n<h3>257A6997<\/h3>\n<\/li>\n<li>\n<p>        <img decoding=\"async\" src=\"\/wp-content\/uploads\/2026\/03\/257A8650.jpg\" alt=\"\"><\/p>\n<h3>257A8650<\/h3>\n<\/li>\n<li>\n<p>        <img decoding=\"async\" src=\"\/wp-content\/uploads\/2026\/03\/MK306437.jpg\" alt=\"\"><\/p>\n<h3>MK306437<\/h3>\n<\/li>\n<li>\n<p>        <img decoding=\"async\" src=\"\/wp-content\/uploads\/2026\/03\/257A7773.jpg\" alt=\"\"><\/p>\n<h3>257A7773<\/h3>\n<\/li>\n<\/ul>\n<p>\n    <a href=\"\/edicion-2025\/\">VER GALER\u00cdA FOTOS 2025<\/a>\n<\/p>\n<p><!--more--><br \/>\n<!-- {\"type\":\"layout\",\"children\":[{\"type\":\"section\",\"props\":{\"animation_delay\":\"0\",\"height\":\"viewport\",\"height_offset_top\":false,\"image\":\"wp-content\\\/uploads\\\/2025\\\/10\\\/homegl26ok.jpg\",\"image_effect\":\"parallax\",\"image_position\":\"center-center\",\"image_size\":\"cover\",\"padding\":\"none\",\"style\":\"default\",\"title_breakpoint\":\"xl\",\"title_position\":\"top-left\",\"title_rotation\":\"left\",\"vertical_align\":\"middle\",\"width\":\"\"},\"children\":[{\"type\":\"row\",\"children\":[{\"type\":\"column\",\"props\":{\"image_position\":\"center-center\",\"position_sticky_breakpoint\":\"m\"},\"children\":[{\"type\":\"image\",\"props\":{\"animation\":\"parallax\",\"image\":\"wp-content\\\/uploads\\\/2025\\\/10\\\/LOGO-COLOR26.png\",\"image_svg_color\":\"emphasis\",\"image_width\":800,\"margin\":\"default\",\"margin_remove_top\":true,\"parallax_easing\":\"1\",\"parallax_rotate\":\"0,\",\"parallax_scale\":\"0.9,1\",\"position\":\"relative\",\"position_top\":\"-30\",\"position_z_index\":\"3\",\"text_align\":\"center\"}},{\"type\":\"image\",\"props\":{\"image\":\"wp-content\\\/uploads\\\/2025\\\/10\\\/fecha2026.png\",\"image_svg_color\":\"emphasis\",\"image_width\":600,\"margin\":\"default\",\"margin_remove_bottom\":true,\"position\":\"relative\",\"position_z_index\":\"3\",\"text_align\":\"center\"}},{\"type\":\"countdown\",\"props\":{\"blend\":true,\"date\":\"2026-06-20T15:00:00.000Z\",\"grid_column_gap\":\"small\",\"grid_row_gap\":\"small\",\"label_days\":\"D\\u00cdAS\",\"label_hours\":\"HORAS\",\"label_margin\":\"small\",\"label_minutes\":\"MINUTOS\",\"label_seconds\":\"SEGUNDOS\",\"margin\":\"default\",\"position\":\"relative\",\"position_z_index\":\"3\",\"show_label\":true,\"show_separator\":true,\"text_align\":\"center\"}}]}]},{\"type\":\"row\",\"props\":{\"layout\":\"1-2,1-2\"},\"children\":[{\"type\":\"column\",\"props\":{\"image_position\":\"center-center\",\"position_sticky_breakpoint\":\"m\",\"width_medium\":\"1-2\"},\"children\":[{\"type\":\"image\",\"props\":{\"animation\":\"parallax\",\"image\":\"wp-content\\\/uploads\\\/2025\\\/10\\\/florizq.png\",\"image_svg_color\":\"emphasis\",\"margin\":\"default\",\"parallax_scale\":\"1.4\",\"parallax_transform_origin\":\"center-right\",\"parallax_x\":\"-10\",\"position\":\"absolute\",\"position_top\":\"-900\",\"position_z_index\":\"0\",\"visibility\":\"l\"},\"name\":\"flor izq PC\"},{\"type\":\"image\",\"props\":{\"animation\":\"parallax\",\"blend\":false,\"image\":\"wp-content\\\/uploads\\\/2025\\\/10\\\/florizq.png\",\"image_svg_color\":\"emphasis\",\"margin\":\"default\",\"maxwidth\":\"small\",\"parallax_blur\":\"37\",\"parallax_opacity\":\"0.1\",\"parallax_scale\":\"1.4\",\"parallax_transform_origin\":\"center-right\",\"parallax_x\":\"-170\",\"position\":\"absolute\",\"position_top\":\"-410\",\"position_z_index\":\"0\",\"text_align\":\"left\",\"visibility\":\"hidden-l\"},\"name\":\"flor izq MOV\"}]},{\"type\":\"column\",\"props\":{\"image_position\":\"center-center\",\"position_sticky_breakpoint\":\"m\",\"width_medium\":\"1-2\"},\"children\":[{\"type\":\"image\",\"props\":{\"animation\":\"parallax\",\"image\":\"wp-content\\\/uploads\\\/2025\\\/10\\\/FLORDRE.png\",\"image_svg_color\":\"emphasis\",\"margin\":\"default\",\"parallax_scale\":\"1.4\",\"parallax_transform_origin\":\"center-right\",\"parallax_x\":\"290\",\"position\":\"absolute\",\"position_top\":\"-900\",\"position_z_index\":\"0\",\"text_align\":\"right\",\"visibility\":\"l\"},\"name\":\"flor izq PC\"},{\"type\":\"image\",\"props\":{\"animation\":\"parallax\",\"blend\":false,\"image\":\"wp-content\\\/uploads\\\/2025\\\/10\\\/FLORDRE.png\",\"image_svg_color\":\"emphasis\",\"margin\":\"default\",\"maxwidth\":\"small\",\"parallax_blur\":\"35\",\"parallax_scale\":\"1.6\",\"parallax_transform_origin\":\"center-right\",\"parallax_x\":\"200\",\"parallax_y\":\"-110\",\"position\":\"absolute\",\"position_right\":\"0\",\"position_top\":\"-420\",\"position_z_index\":\"0\",\"text_align\":\"right\",\"visibility\":\"hidden-l\"},\"name\":\"flor dere MOV\"}]}]}]},{\"type\":\"section\",\"props\":{\"height_viewport\":0,\"image_position\":\"center-center\",\"padding\":\"xsmall\",\"padding_remove_bottom\":false,\"padding_remove_top\":true,\"style\":\"primary\",\"title_breakpoint\":\"xl\",\"title_position\":\"top-left\",\"title_rotation\":\"left\",\"vertical_align\":\"middle\",\"width\":\"default\"},\"children\":[{\"type\":\"row\",\"children\":[{\"type\":\"column\",\"props\":{\"image_position\":\"center-center\",\"position_sticky_breakpoint\":\"m\"},\"children\":[{\"type\":\"headline\",\"props\":{\"content\":\"\n\n<h3 style=\\\"text-align: center;\\\">CONSIGUE AQU\\u00cd TUS ENTRADAS<\\\/h3>\",\"margin_remove_top\":true,\"text_align\":\"center\",\"title_element\":\"h1\"}},{\"type\":\"button\",\"props\":{\"grid_column_gap\":\"small\",\"grid_row_gap\":\"small\",\"margin\":\"default\",\"text_align\":\"center\"},\"children\":[{\"type\":\"button_item\",\"props\":{\"button_style\":\"secondary\",\"content\":\"COMPRAR ENTRADAS\",\"icon\":\"cart\",\"icon_align\":\"left\",\"link\":\"entradas\\\/\"}}]}]}]}]},{\"type\":\"section\",\"props\":{\"image_position\":\"center-center\",\"style\":\"secondary\",\"title_breakpoint\":\"xl\",\"title_position\":\"top-left\",\"title_rotation\":\"left\",\"vertical_align\":\"middle\",\"width\":\"expand\"},\"children\":[{\"type\":\"row\",\"children\":[{\"type\":\"column\",\"props\":{\"image_position\":\"center-center\",\"position_sticky_breakpoint\":\"m\"},\"children\":[{\"type\":\"overlay-slider\",\"props\":{\"link_style\":\"default\",\"link_text\":\"Read more\",\"margin\":\"default\",\"meta_align\":\"below-title\",\"meta_element\":\"div\",\"meta_style\":\"text-meta\",\"nav\":\"\",\"nav_align\":\"center\",\"nav_breakpoint\":\"s\",\"overlay_mode\":\"cover\",\"overlay_position\":\"center\",\"overlay_transition\":\"fade\",\"show_content\":true,\"show_hover_image\":true,\"show_hover_video\":true,\"show_link\":true,\"show_meta\":false,\"show_title\":false,\"slidenav\":\"default\",\"slidenav_breakpoint\":\"s\",\"slidenav_margin\":\"medium\",\"slidenav_outside_breakpoint\":\"xl\",\"slider_autoplay\":true,\"slider_autoplay_pause\":false,\"slider_gap\":\"default\",\"slider_parallax\":false,\"slider_sets\":true,\"slider_width\":\"fixed\",\"slider_width_default\":\"1-1\",\"slider_width_medium\":\"1-3\",\"text_align\":\"center\",\"title_element\":\"h3\",\"title_hover_style\":\"reset\"},\"children\":[{\"type\":\"overlay-slider_item\",\"props\":{\"image\":\"wp-content\\\/uploads\\\/2025\\\/11\\\/jcreyes.jpeg\",\"title\":\"jcreyes\"}},{\"type\":\"overlay-slider_item\",\"props\":{\"image\":\"wp-content\\\/uploads\\\/2025\\\/11\\\/MORAD_CUADRADO.jpg\",\"title\":\"MORAD_CUADRADO\"}},{\"type\":\"overlay-slider_item\",\"props\":{\"image\":\"wp-content\\\/uploads\\\/2025\\\/12\\\/RVFV_CUADRADO.jpg\",\"title\":\"RVFV_CUADRADO\"}},{\"type\":\"overlay-slider_item\",\"props\":{\"image\":\"wp-content\\\/uploads\\\/2026\\\/04\\\/JOSEDELASHERAS_CUADRADO.jpg\",\"title\":\"JOSEDELASHERAS_CUADRADO\"}},{\"type\":\"overlay-slider_item\",\"props\":{\"image\":\"wp-content\\\/uploads\\\/2026\\\/04\\\/KIDDVOODOO_CUADRADO.jpg\",\"title\":\"KIDDVOODOO_CUADRADO\"}},{\"type\":\"overlay-slider_item\",\"props\":{\"image\":\"wp-content\\\/uploads\\\/2026\\\/03\\\/ROA_CUADRADO.jpg\",\"title\":\"ROA_CUADRADO\"}},{\"type\":\"overlay-slider_item\",\"props\":{\"image\":\"wp-content\\\/uploads\\\/2026\\\/02\\\/IMG_6409.jpeg\",\"title\":\"IMG_6409\"}}]}]}]}]},{\"type\":\"section\",\"props\":{\"image_position\":\"center-center\",\"style\":\"default\",\"title_breakpoint\":\"xl\",\"title_position\":\"top-left\",\"title_rotation\":\"left\",\"vertical_align\":\"\",\"width\":\"expand\"},\"children\":[{\"type\":\"row\",\"props\":{\"layout\":\"1-2,1-2\"},\"children\":[{\"type\":\"column\",\"props\":{\"image_position\":\"center-center\",\"position_sticky_breakpoint\":\"m\",\"width_medium\":\"1-2\"},\"children\":[{\"type\":\"headline\",\"props\":{\"content\":\"\n\n<h1 align=\\\"center\\\" style=\\\"text-align: left;\\\"><span>\\u00a120.000 GRACIAS!<\\\/span><\\\/h1>\",\"title_element\":\"h1\"}},{\"type\":\"image\",\"props\":{\"image\":\"wp-content\\\/uploads\\\/2024\\\/06\\\/GRACIAS.jpg\",\"image_svg_color\":\"emphasis\",\"margin\":\"default\"}},{\"type\":\"text\",\"props\":{\"column_breakpoint\":\"m\",\"content\":\"\n\n<p>M\\u00e1s de 20.000 personas ha congregado la tercera edici\\u00f3n de Granada Latina Festival, celebrada este pasado s\\u00e1bado en el Cortijo del Conde de la ciudad nazar\\u00ed. Artistas del calibre de Anuel AA, Jhayco, Lola \\u00cdndigo, Morad, Maka, Mar\\u00eda Becerra, Cano, JC Reyes o Ballesteros han brillado en uno de los festivales indispensables del verano que ya pone la mirada en su cuarta edici\\u00f3n.<\\\/p>\",\"margin\":\"default\"}},{\"type\":\"button\",\"props\":{\"grid_column_gap\":\"small\",\"grid_row_gap\":\"small\",\"margin\":\"default\"},\"children\":[{\"type\":\"button_item\",\"props\":{\"button_style\":\"default\",\"content\":\"leer m\\u00e1s\",\"icon\":\"link\",\"icon_align\":\"left\",\"link\":\"20-000-gracias\\\/\"}}]}]},{\"type\":\"column\",\"props\":{\"image_position\":\"center-center\",\"position_sticky_breakpoint\":\"m\",\"width_medium\":\"1-2\"},\"children\":[{\"type\":\"headline\",\"props\":{\"content\":\"\n\n<h1 align=\\\"center\\\" style=\\\"text-align: left;\\\"><span>\\u00a1CUENTA ATR\\u00c1S!<\\\/span><\\\/h1>\",\"title_element\":\"h1\"}},{\"type\":\"image\",\"props\":{\"image\":\"wp-content\\\/uploads\\\/2024\\\/06\\\/horarios-granada-latina.jpg\",\"image_svg_color\":\"emphasis\",\"margin\":\"default\"}},{\"type\":\"text\",\"props\":{\"column_breakpoint\":\"m\",\"content\":\"\n\n<p>\\u00a1Lleg\\u00f3 la hora! Ya ha pasado un a\\u00f1o desde que en 2023 se reunieran m\\u00e1s de 25.000 personas en el festival Granada Latina Festival, convirtiendo la ciudad en el epicentro de la escena latina. El pr\\u00f3ximo s\\u00e1bado 22 de junio repetimos cita ineludible en el Cortijo del Conde (Granada) con los m\\u00e1ximos referentes internacionales del urban latino: Anuel AA, Jhayco, Lola \\u00cdndigo, Morad, Maka, Mar\\u00eda Becerra, Cano, JC Reyes y Ballesteros te esperan en la tercera edici\\u00f3n de Granada Latina Festival.<\\\/p>\",\"margin\":\"default\"}},{\"type\":\"button\",\"props\":{\"grid_column_gap\":\"small\",\"grid_row_gap\":\"small\",\"margin\":\"default\"},\"children\":[{\"type\":\"button_item\",\"props\":{\"button_style\":\"default\",\"content\":\"leer m\\u00e1s\",\"icon\":\"link\",\"icon_align\":\"left\",\"link\":\"cuenta-atras\\\/\"}}]}]}]}]},{\"type\":\"section\",\"props\":{\"image_position\":\"center-center\",\"status\":\"disabled\",\"style\":\"muted\",\"title_breakpoint\":\"xl\",\"title_position\":\"top-left\",\"title_rotation\":\"left\",\"vertical_align\":\"\",\"width\":\"\"},\"children\":[{\"type\":\"row\",\"children\":[{\"type\":\"column\",\"props\":{\"image_position\":\"center-center\",\"position_sticky_breakpoint\":\"m\"},\"children\":[{\"type\":\"overlay-slider\",\"props\":{\"link_style\":\"default\",\"link_text\":\"Read more\",\"margin\":\"default\",\"meta_align\":\"below-title\",\"meta_element\":\"div\",\"meta_style\":\"text-meta\",\"nav\":\"\",\"nav_align\":\"center\",\"nav_breakpoint\":\"s\",\"overlay_mode\":\"cover\",\"overlay_position\":\"center\",\"overlay_transition\":\"fade\",\"show_content\":true,\"show_hover_image\":true,\"show_hover_video\":true,\"show_link\":true,\"show_meta\":false,\"show_title\":false,\"slidenav\":\"default\",\"slidenav_breakpoint\":\"s\",\"slidenav_margin\":\"medium\",\"slidenav_outside_breakpoint\":\"xl\",\"slider_autoplay\":true,\"slider_autoplay_interval\":\"5\",\"slider_autoplay_pause\":false,\"slider_finite\":false,\"slider_gap\":\"default\",\"slider_width\":\"fixed\",\"slider_width_default\":\"1-1\",\"slider_width_medium\":\"1-3\",\"text_align\":\"center\",\"title_element\":\"h3\",\"title_hover_style\":\"reset\"}}]}]}],\"name\":\"line up \"},{\"type\":\"section\",\"props\":{\"image_position\":\"center-center\",\"style\":\"secondary\",\"title_breakpoint\":\"xl\",\"title_position\":\"top-left\",\"title_rotation\":\"left\",\"vertical_align\":\"\",\"width\":\"\"},\"children\":[{\"type\":\"row\",\"children\":[{\"type\":\"column\",\"props\":{\"image_position\":\"center-center\",\"position_sticky_breakpoint\":\"m\"},\"children\":[{\"type\":\"overlay-slider\",\"props\":{\"link_style\":\"default\",\"link_text\":\"Read more\",\"margin\":\"default\",\"meta_align\":\"below-title\",\"meta_element\":\"div\",\"meta_style\":\"text-meta\",\"nav\":\"\",\"nav_align\":\"center\",\"nav_breakpoint\":\"s\",\"overlay_mode\":\"cover\",\"overlay_position\":\"center\",\"overlay_transition\":\"fade\",\"show_content\":true,\"show_hover_image\":true,\"show_hover_video\":true,\"show_link\":true,\"show_meta\":false,\"show_title\":false,\"slidenav\":\"\",\"slidenav_breakpoint\":\"s\",\"slidenav_margin\":\"medium\",\"slidenav_outside_breakpoint\":\"xl\",\"slider_autoplay\":true,\"slider_autoplay_interval\":\"6\",\"slider_autoplay_pause\":false,\"slider_finite\":false,\"slider_gap\":\"small\",\"slider_sets\":true,\"slider_width\":\"fixed\",\"slider_width_default\":\"1-1\",\"slider_width_medium\":\"1-3\",\"text_align\":\"center\",\"title_element\":\"h3\",\"title_hover_style\":\"reset\"},\"children\":[{\"type\":\"overlay-slider_item\",\"props\":{\"image\":\"wp-content\\\/uploads\\\/2026\\\/03\\\/257A6811.jpg\",\"title\":\"257A6811\"}},{\"type\":\"overlay-slider_item\",\"props\":{\"image\":\"wp-content\\\/uploads\\\/2026\\\/03\\\/257A7919.jpg\",\"title\":\"257A7919\"}},{\"type\":\"overlay-slider_item\",\"props\":{\"image\":\"wp-content\\\/uploads\\\/2026\\\/03\\\/257A6943.jpg\",\"title\":\"257A6943\"}},{\"type\":\"overlay-slider_item\",\"props\":{\"image\":\"wp-content\\\/uploads\\\/2026\\\/03\\\/257A6852.jpg\",\"title\":\"257A6852\"}},{\"type\":\"overlay-slider_item\",\"props\":{\"image\":\"wp-content\\\/uploads\\\/2026\\\/03\\\/257A8346.jpg\",\"title\":\"257A8346\"}},{\"type\":\"overlay-slider_item\",\"props\":{\"image\":\"wp-content\\\/uploads\\\/2026\\\/03\\\/257A8523.jpg\",\"title\":\"257A8523\"}},{\"type\":\"overlay-slider_item\",\"props\":{\"image\":\"wp-content\\\/uploads\\\/2026\\\/03\\\/257A8506.jpg\",\"title\":\"257A8506\"}},{\"type\":\"overlay-slider_item\",\"props\":{\"image\":\"wp-content\\\/uploads\\\/2026\\\/03\\\/257A6997.jpg\",\"title\":\"257A6997\"}},{\"type\":\"overlay-slider_item\",\"props\":{\"image\":\"wp-content\\\/uploads\\\/2026\\\/03\\\/257A8650.jpg\",\"title\":\"257A8650\"}},{\"type\":\"overlay-slider_item\",\"props\":{\"image\":\"wp-content\\\/uploads\\\/2026\\\/03\\\/MK306437.jpg\",\"title\":\"MK306437\"}},{\"type\":\"overlay-slider_item\",\"props\":{\"image\":\"wp-content\\\/uploads\\\/2026\\\/03\\\/257A7773.jpg\",\"title\":\"257A7773\"}}]},{\"type\":\"button\",\"props\":{\"grid_column_gap\":\"small\",\"grid_row_gap\":\"small\",\"margin\":\"default\",\"text_align\":\"center\"},\"children\":[{\"type\":\"button_item\",\"props\":{\"button_style\":\"default\",\"content\":\"VER GALER\\u00cdA FOTOS 2025\",\"icon_align\":\"left\",\"link\":\"edicion-2025\\\/\"}}]}]}]}]},{\"type\":\"section\",\"props\":{\"image_position\":\"center-center\",\"padding_remove_bottom\":true,\"status\":\"disabled\",\"style\":\"default\",\"title_breakpoint\":\"xl\",\"title_position\":\"top-left\",\"title_rotation\":\"left\",\"vertical_align\":\"\",\"width\":\"default\"},\"children\":[{\"type\":\"row\",\"children\":[{\"type\":\"column\",\"props\":{\"image_position\":\"center-center\",\"position_sticky_breakpoint\":\"m\"},\"children\":[{\"type\":\"headline\",\"props\":{\"content\":\"\\u00bfC\\u00d3MO LLEGAR?\",\"title_element\":\"h1\"}},{\"type\":\"text\",\"props\":{\"column_breakpoint\":\"m\",\"content\":\"\n\n<p itemprop=\\\"streetAddress\\\" class=\\\"h5\\\">Barrio Pt-Cc Cortijo del Conde 18015\\u00a0Granada.\\u00a0<\\\/p>\",\"margin\":\"default\"}},{\"type\":\"button\",\"props\":{\"grid_column_gap\":\"small\",\"grid_row_gap\":\"small\",\"margin\":\"default\"},\"children\":[{\"type\":\"button_item\",\"props\":{\"button_style\":\"default\",\"content\":\"\\u00bfc\\u00f3mo llegar?\",\"icon\":\"location\",\"icon_align\":\"left\",\"link\":\"https:\\\/\\\/www.google.com\\\/maps\\\/dir\\\/\\\/37.2004131,-3.6557203\\\/@37.2012874,-3.6561848,664m\\\/data=!3m1!1e3!4m2!4m1!3e0?hl=es-ES\",\"link_target\":\"blank\"}}]},{\"type\":\"map\",\"props\":{\"controls\":true,\"dragging\":false,\"image_svg_color\":\"emphasis\",\"link_style\":\"default\",\"link_text\":\"Read more\",\"margin\":\"default\",\"max_zoom\":18,\"meta_align\":\"below-title\",\"meta_element\":\"div\",\"meta_style\":\"text-meta\",\"min_zoom\":0,\"poi\":false,\"show_content\":true,\"show_image\":true,\"show_link\":true,\"show_meta\":true,\"show_title\":true,\"styler_hue\":\"#FF9AF3\",\"title_element\":\"h3\",\"title_hover_style\":\"reset\",\"type\":\"roadmap\",\"zoom\":17,\"zooming\":true},\"children\":[{\"type\":\"map_item\",\"props\":{\"hide\":false,\"location\":\"37.201,-3.65598\",\"show_popup\":true}}]}]}]}]},{\"type\":\"section\",\"props\":{\"image_position\":\"center-center\",\"padding_remove_bottom\":true,\"style\":\"default\",\"title_breakpoint\":\"xl\",\"title_position\":\"top-left\",\"title_rotation\":\"left\",\"vertical_align\":\"\",\"width\":\"\"},\"children\":[{\"type\":\"row\",\"children\":[{\"type\":\"column\",\"props\":{\"image_position\":\"center-center\",\"position_sticky_breakpoint\":\"m\"}}]}]}],\"version\":\"4.4.10\"} --><\/p>\n","protected":false},"excerpt":{"rendered":"<p>2026-06-20T15:00:00.000Z CONSIGUE AQU\u00cd TUS ENTRADAS COMPRAR ENTRADAS jcreyes MORAD_CUADRADO RVFV_CUADRADO JOSEDELASHERAS_CUADRADO KIDDVOODOO_CUADRADO ROA_CUADRADO IMG_6409 \u00a120.000 GRACIAS! M\u00e1s de 20.000 personas ha congregado la tercera edici\u00f3n de Granada Latina Festival, celebrada este pasado s\u00e1bado en el Cortijo del Conde de la ciudad nazar\u00ed. Artistas del calibre de Anuel AA, Jhayco, Lola \u00cdndigo, Morad, Maka, Mar\u00eda Becerra, [&hellip;]<\/p>\n","protected":false},"author":1,"featured_media":0,"parent":0,"menu_order":0,"comment_status":"closed","ping_status":"closed","template":"","meta":{"footnotes":""},"class_list":["post-7","page","type-page","status-publish","hentry"],"_links":{"self":[{"href":"https:\/\/www.granadalatina.es\/en\/wp-json\/wp\/v2\/pages\/7","targetHints":{"allow":["GET"]}}],"collection":[{"href":"https:\/\/www.granadalatina.es\/en\/wp-json\/wp\/v2\/pages"}],"about":[{"href":"https:\/\/www.granadalatina.es\/en\/wp-json\/wp\/v2\/types\/page"}],"author":[{"embeddable":true,"href":"https:\/\/www.granadalatina.es\/en\/wp-json\/wp\/v2\/users\/1"}],"replies":[{"embeddable":true,"href":"https:\/\/www.granadalatina.es\/en\/wp-json\/wp\/v2\/comments?post=7"}],"version-history":[{"count":517,"href":"https:\/\/www.granadalatina.es\/en\/wp-json\/wp\/v2\/pages\/7\/revisions"}],"predecessor-version":[{"id":2101,"href":"https:\/\/www.granadalatina.es\/en\/wp-json\/wp\/v2\/pages\/7\/revisions\/2101"}],"wp:attachment":[{"href":"https:\/\/www.granadalatina.es\/en\/wp-json\/wp\/v2\/media?parent=7"}],"curies":[{"name":"wp","href":"https:\/\/api.w.org\/{rel}","templated":true}]}}