{"id":1691,"date":"2024-10-16T11:41:58","date_gmt":"2024-10-16T11:41:58","guid":{"rendered":"https:\/\/www.granadalatina.es\/?page_id=1691"},"modified":"2024-10-16T11:50:36","modified_gmt":"2024-10-16T11:50:36","slug":"que-es","status":"publish","type":"page","link":"https:\/\/www.granadalatina.es\/en\/que-es\/","title":{"rendered":"\u00bfQU\u00c9 ES?"},"content":{"rendered":"<h1>\n<p>\u00bfQu\u00e9 es The Music Club?<\/p>\n<\/h1>\n<div>\n<p><strong>Con la compra de tu entrada pasar\u00e1s directamente a formar parte del Club y tendr\u00e1s acceso a todos nuestros servicios.<\/strong><\/p>\n<\/div>\n<div>\n<div>\n<h5>The Music Club es un programa que te dar\u00e1 acceso a distintos servicios y beneficios a lo largo de todo un a\u00f1o. Hemos reunido una serie de ventajas para cuidar de ti dentro y fuera del festival. En The Music Club nos preocupamos tanto de tu diversi\u00f3n como de tu bienestar&#8230; \u00a1Descubre nuestros servicios!<\/h5>\n<\/div>\n<\/div>\n<p>\n    <a href=\"http:\/\/www.themusicclub.es\">ACCEDE<\/a>\n<\/p>\n<p><img decoding=\"async\" src=\"\/wp-content\/uploads\/2024\/10\/TMCocio.png\" alt=\"\"><\/p>\n<div>\n<h3>Ocio<\/h3>\n<\/div>\n<div>\n<p style=\"font-weight: 400;\">Disfruta de descuentos en diferentes establecimientos y locales de ocio pensados solo para ti.<\/p>\n<\/div>\n<p><img decoding=\"async\" src=\"\/wp-content\/uploads\/2024\/10\/TMCdental.png\" alt=\"\"><\/p>\n<div>\n<h3>Dental<\/h3>\n<\/div>\n<div>\n<p style=\"font-weight: 400;\">Cuida de tu sonrisa en nuestros m\u00e1s de 1.800 centros a nivel nacional.<\/p>\n<\/div>\n<p><img decoding=\"async\" src=\"\/wp-content\/uploads\/2024\/10\/TMCsalud.png\" alt=\"\"><\/p>\n<div>\n<h3 style=\"font-weight: 400;\"><strong>Salud<\/strong><\/h3>\n<\/div>\n<div>\n<p style=\"font-weight: 400;\">Habla con un m\u00e9dico cuando lo necesites, con orientaci\u00f3n telef\u00f3nica 24\/7 y videoconsultas gratuitas. Visitas y consultas entre 25\/35\u20ac.<\/p>\n<\/div>\n<p><img decoding=\"async\" src=\"\/wp-content\/uploads\/2024\/10\/TMCmascotas.png\" alt=\"\"><\/p>\n<div>\n<h3 style=\"font-weight: 400;\"><strong>Mascotas<\/strong><\/h3>\n<\/div>\n<div>\n<p style=\"font-weight: 400;\">Servicios veterinarios exclusivos para cuidar de nuestros grandes compa\u00f1eros.<\/p>\n<\/div>\n<p><img decoding=\"async\" src=\"\/wp-content\/uploads\/2024\/10\/TMClegal.png\" alt=\"\"><\/p>\n<div>\n<h3 style=\"font-weight: 400;\"><strong>Legal<\/strong><\/h3>\n<\/div>\n<div>\n<p style=\"font-weight: 400;\">Un abogado al otro lado del tel\u00e9fono, con consultas legales gratuitas cuando las necesites.<\/p>\n<\/div>\n<div>\n<div>\n<h5>Con la compra de tu entrada obtendr\u00e1s acceso gratuito al club durante todo un a\u00f1o <a href=\"http:\/\/www.themusicclub.es\" target=\"_blank\" rel=\"noopener\">+INFO<\/a><\/h5>\n<\/div>\n<\/div>\n<p>\n    <a href=\"\/preguntas-frecuentes\/\">PREGUNTAS FRECUENTES<\/a>\n<\/p>\n<p><!--more--><br \/>\n<!-- {\"type\":\"layout\",\"children\":[{\"type\":\"section\",\"props\":{\"image_position\":\"center-center\",\"overlap\":false,\"padding\":\"small\",\"padding_remove_bottom\":false,\"preserve_color\":false,\"style\":\"muted\",\"title_breakpoint\":\"xl\",\"title_position\":\"top-left\",\"title_rotation\":\"left\",\"vertical_align\":\"middle\",\"width\":\"small\"},\"children\":[{\"type\":\"row\",\"children\":[{\"type\":\"column\",\"props\":{\"image_position\":\"center-center\",\"media_overlay_gradient\":\"\",\"position_sticky_breakpoint\":\"m\"},\"children\":[{\"type\":\"headline\",\"props\":{\"content\":\"\n\n<p>\\u00bfQu\\u00e9 es The Music Club?<\\\/p>\",\"title_element\":\"h1\"}},{\"type\":\"text\",\"props\":{\"column_breakpoint\":\"m\",\"content\":\"\n\n<p><strong>Con la compra de tu entrada pasar\\u00e1s directamente a formar parte del Club y tendr\\u00e1s acceso a todos nuestros servicios.<\\\/strong><\\\/p>\",\"margin\":\"default\"}},{\"type\":\"alert\",\"props\":{\"alert_size\":false,\"alert_style\":\"\",\"blend\":false,\"content\":\"\n\n<h5>The Music Club es un programa que te dar\\u00e1 acceso a distintos servicios y beneficios a lo largo de todo un a\\u00f1o. Hemos reunido una serie de ventajas para cuidar de ti dentro y fuera del festival. En The Music Club nos preocupamos tanto de tu diversi\\u00f3n como de tu bienestar... \\u00a1Descubre nuestros servicios!<\\\/h5>\",\"content_margin\":\"small\",\"margin\":\"small\",\"title_element\":\"h3\"}},{\"type\":\"button\",\"props\":{\"button_size\":\"large\",\"grid_column_gap\":\"small\",\"grid_row_gap\":\"small\",\"margin\":\"default\",\"text_align\":\"center\"},\"children\":[{\"type\":\"button_item\",\"props\":{\"button_style\":\"danger\",\"content\":\"ACCEDE\",\"icon_align\":\"left\",\"link\":\"http:\\\/\\\/www.themusicclub.es\",\"link_target\":\"blank\"}}]}]}]}]},{\"type\":\"section\",\"props\":{\"image_position\":\"center-center\",\"overlap\":false,\"preserve_color\":false,\"style\":\"default\",\"title_breakpoint\":\"xl\",\"title_position\":\"top-left\",\"title_rotation\":\"left\",\"vertical_align\":\"middle\",\"width\":\"small\"},\"children\":[{\"type\":\"row\",\"props\":{\"layout\":\"1-5,1-5,1-5,1-5,1-5|1-2,1-2,1-3,1-3,1-3\"},\"children\":[{\"type\":\"column\",\"props\":{\"image_position\":\"center-center\",\"media_overlay_gradient\":\"\",\"position_sticky_breakpoint\":\"m\",\"width_medium\":\"1-5\",\"width_small\":\"1-2\"},\"children\":[{\"type\":\"image\",\"props\":{\"image\":\"wp-content\\\/uploads\\\/2024\\\/10\\\/TMCocio.png\",\"image_svg_color\":\"emphasis\",\"image_width\":120,\"margin\":\"default\",\"text_align\":\"center\"}},{\"type\":\"text\",\"props\":{\"column_breakpoint\":\"m\",\"content\":\"\n\n<h3>Ocio<\\\/h3>\",\"margin\":\"small\",\"margin_remove_bottom\":true,\"text_align\":\"center\"}},{\"type\":\"text\",\"props\":{\"column_breakpoint\":\"m\",\"content\":\"\n\n<p style=\\\"font-weight: 400;\\\">Disfruta de descuentos en diferentes establecimientos y locales de ocio pensados solo para ti.<\\\/p>\",\"margin\":\"default\",\"text_align\":\"center\"}}]},{\"type\":\"column\",\"props\":{\"image_position\":\"center-center\",\"media_overlay_gradient\":\"\",\"position_sticky_breakpoint\":\"m\",\"width_medium\":\"1-5\",\"width_small\":\"1-2\"},\"children\":[{\"type\":\"image\",\"props\":{\"image\":\"wp-content\\\/uploads\\\/2024\\\/10\\\/TMCdental.png\",\"image_svg_color\":\"emphasis\",\"image_width\":120,\"margin\":\"default\",\"text_align\":\"center\"}},{\"type\":\"text\",\"props\":{\"column_breakpoint\":\"m\",\"content\":\"\n\n<h3>Dental<\\\/h3>\",\"margin\":\"small\",\"margin_remove_bottom\":true,\"text_align\":\"center\"}},{\"type\":\"text\",\"props\":{\"column_breakpoint\":\"m\",\"content\":\"\n\n<p style=\\\"font-weight: 400;\\\">Cuida de tu sonrisa en nuestros m\\u00e1s de 1.800 centros a nivel nacional.<\\\/p>\",\"margin\":\"default\",\"text_align\":\"center\"}}]},{\"type\":\"column\",\"props\":{\"image_position\":\"center-center\",\"media_overlay_gradient\":\"\",\"position_sticky_breakpoint\":\"m\",\"width_medium\":\"1-5\",\"width_small\":\"1-3\"},\"children\":[{\"type\":\"image\",\"props\":{\"image\":\"wp-content\\\/uploads\\\/2024\\\/10\\\/TMCsalud.png\",\"image_svg_color\":\"emphasis\",\"image_width\":120,\"margin\":\"default\",\"text_align\":\"center\"}},{\"type\":\"text\",\"props\":{\"column_breakpoint\":\"m\",\"content\":\"\n\n<h3 style=\\\"font-weight: 400;\\\"><strong>Salud<\\\/strong><\\\/h3>\",\"margin\":\"small\",\"margin_remove_bottom\":true,\"text_align\":\"center\"}},{\"type\":\"text\",\"props\":{\"column_breakpoint\":\"m\",\"content\":\"\n\n<p style=\\\"font-weight: 400;\\\">Habla con un m\\u00e9dico cuando lo necesites, con orientaci\\u00f3n telef\\u00f3nica 24\\\/7 y videoconsultas gratuitas. Visitas y consultas entre 25\\\/35\\u20ac.<\\\/p>\",\"margin\":\"default\",\"text_align\":\"center\"}}]},{\"type\":\"column\",\"props\":{\"image_position\":\"center-center\",\"media_overlay_gradient\":\"\",\"position_sticky_breakpoint\":\"m\",\"width_medium\":\"1-5\",\"width_small\":\"1-3\"},\"children\":[{\"type\":\"image\",\"props\":{\"image\":\"wp-content\\\/uploads\\\/2024\\\/10\\\/TMCmascotas.png\",\"image_svg_color\":\"emphasis\",\"image_width\":120,\"margin\":\"default\",\"text_align\":\"center\"}},{\"type\":\"text\",\"props\":{\"column_breakpoint\":\"m\",\"content\":\"\n\n<h3 style=\\\"font-weight: 400;\\\"><strong>Mascotas<\\\/strong><\\\/h3>\",\"margin\":\"small\",\"margin_remove_bottom\":true,\"text_align\":\"center\"}},{\"type\":\"text\",\"props\":{\"column_breakpoint\":\"m\",\"content\":\"\n\n<p style=\\\"font-weight: 400;\\\">Servicios veterinarios exclusivos para cuidar de nuestros grandes compa\\u00f1eros.<\\\/p>\",\"margin\":\"default\",\"text_align\":\"center\"}}]},{\"type\":\"column\",\"props\":{\"image_position\":\"center-center\",\"media_overlay_gradient\":\"\",\"position_sticky_breakpoint\":\"m\",\"width_medium\":\"1-5\",\"width_small\":\"1-3\"},\"children\":[{\"type\":\"image\",\"props\":{\"image\":\"wp-content\\\/uploads\\\/2024\\\/10\\\/TMClegal.png\",\"image_svg_color\":\"emphasis\",\"image_width\":120,\"margin\":\"default\",\"text_align\":\"center\"}},{\"type\":\"text\",\"props\":{\"column_breakpoint\":\"m\",\"content\":\"\n\n<h3 style=\\\"font-weight: 400;\\\"><strong>Legal<\\\/strong><\\\/h3>\",\"margin\":\"small\",\"margin_remove_bottom\":true,\"text_align\":\"center\"}},{\"type\":\"text\",\"props\":{\"column_breakpoint\":\"m\",\"content\":\"\n\n<p style=\\\"font-weight: 400;\\\">Un abogado al otro lado del tel\\u00e9fono, con consultas legales gratuitas cuando las necesites.<\\\/p>\",\"margin\":\"default\",\"text_align\":\"center\"}}]}]}]},{\"type\":\"section\",\"props\":{\"image_position\":\"center-center\",\"overlap\":false,\"padding\":\"xsmall\",\"padding_remove_top\":false,\"preserve_color\":false,\"style\":\"default\",\"title_breakpoint\":\"xl\",\"title_position\":\"top-left\",\"title_rotation\":\"left\",\"vertical_align\":\"middle\",\"width\":\"small\"},\"children\":[{\"type\":\"row\",\"children\":[{\"type\":\"column\",\"props\":{\"image_position\":\"center-center\",\"media_overlay_gradient\":\"\",\"position_sticky_breakpoint\":\"m\"},\"children\":[{\"type\":\"alert\",\"props\":{\"alert_size\":false,\"alert_style\":\"\",\"blend\":false,\"content\":\"\n\n<h5>Con la compra de tu entrada obtendr\\u00e1s acceso gratuito al club durante todo un a\\u00f1o <a href=\\\"http:\\\/\\\/www.themusicclub.es\\\" target=\\\"_blank\\\" rel=\\\"noopener\\\">+INFO<\\\/a><\\\/h5>\",\"content_margin\":\"small\",\"margin\":\"small\",\"text_align\":\"center\",\"title_element\":\"h3\"}}]}]}]},{\"type\":\"section\",\"props\":{\"image_position\":\"center-center\",\"padding\":\"small\",\"padding_remove_bottom\":false,\"padding_remove_top\":false,\"style\":\"default\",\"title_breakpoint\":\"xl\",\"title_position\":\"top-left\",\"title_rotation\":\"left\",\"vertical_align\":\"middle\",\"width\":\"default\"},\"children\":[{\"type\":\"row\",\"children\":[{\"type\":\"column\",\"props\":{\"image_position\":\"center-center\",\"media_overlay_gradient\":\"\",\"position_sticky_breakpoint\":\"m\"},\"children\":[{\"type\":\"button\",\"props\":{\"grid_column_gap\":\"small\",\"grid_row_gap\":\"small\",\"margin\":\"default\",\"text_align\":\"center\"},\"children\":[{\"type\":\"button_item\",\"props\":{\"button_style\":\"primary\",\"content\":\"PREGUNTAS FRECUENTES\",\"icon_align\":\"left\",\"link\":\"preguntas-frecuentes\\\/\"}}]}]}]}]}],\"version\":\"3.0.20\"} --><\/p>\n","protected":false},"excerpt":{"rendered":"<p>\u00bfQu\u00e9 es The Music Club? Con la compra de tu entrada pasar\u00e1s directamente a formar parte del Club y tendr\u00e1s acceso a todos nuestros servicios. The Music Club es un programa que te dar\u00e1 acceso a distintos servicios y beneficios a lo largo de todo un a\u00f1o. Hemos reunido una serie de ventajas para cuidar [&hellip;]<\/p>\n","protected":false},"author":1,"featured_media":0,"parent":0,"menu_order":0,"comment_status":"closed","ping_status":"closed","template":"","meta":{"footnotes":""},"class_list":["post-1691","page","type-page","status-publish","hentry"],"_links":{"self":[{"href":"https:\/\/www.granadalatina.es\/en\/wp-json\/wp\/v2\/pages\/1691","targetHints":{"allow":["GET"]}}],"collection":[{"href":"https:\/\/www.granadalatina.es\/en\/wp-json\/wp\/v2\/pages"}],"about":[{"href":"https:\/\/www.granadalatina.es\/en\/wp-json\/wp\/v2\/types\/page"}],"author":[{"embeddable":true,"href":"https:\/\/www.granadalatina.es\/en\/wp-json\/wp\/v2\/users\/1"}],"replies":[{"embeddable":true,"href":"https:\/\/www.granadalatina.es\/en\/wp-json\/wp\/v2\/comments?post=1691"}],"version-history":[{"count":16,"href":"https:\/\/www.granadalatina.es\/en\/wp-json\/wp\/v2\/pages\/1691\/revisions"}],"predecessor-version":[{"id":1718,"href":"https:\/\/www.granadalatina.es\/en\/wp-json\/wp\/v2\/pages\/1691\/revisions\/1718"}],"wp:attachment":[{"href":"https:\/\/www.granadalatina.es\/en\/wp-json\/wp\/v2\/media?parent=1691"}],"curies":[{"name":"wp","href":"https:\/\/api.w.org\/{rel}","templated":true}]}}