{"id":1437,"date":"2024-04-05T09:54:57","date_gmt":"2024-04-05T09:54:57","guid":{"rendered":"https:\/\/www.granadalatina.es\/?page_id=1437"},"modified":"2024-04-05T10:00:45","modified_gmt":"2024-04-05T10:00:45","slug":"maka-nueva-estrella-en-un-cartel-espectacular","status":"publish","type":"page","link":"https:\/\/www.granadalatina.es\/en\/maka-nueva-estrella-en-un-cartel-espectacular\/","title":{"rendered":"\u00a1MAKA,\u00a0NUEVA ESTRELLA EN UN CARTEL ESPECTACULAR!"},"content":{"rendered":"<p>El granadino\u00a0<a href=\"https:\/\/email.cloud.secureclick.net\/c\/5540?id=13717396.51295.1.068f64484b4427f5e2979bbe62a19c88\" target=\"_blank\" rel=\"noreferrer noopener\">Maka<\/a>\u00a0se suma a la tercera edici\u00f3n de\u00a0<a href=\"https:\/\/email.cloud.secureclick.net\/c\/5540?id=13717396.51296.1.221e3730742c3fea554de39bfc040062\" target=\"_blank\" rel=\"noreferrer noopener\">Granada Latina Festival<\/a>. El festival, que se celebrar\u00e1 el s\u00e1bado 22 de junio en el Cortijo del Conde, contaba ya en su cartel con artistas como\u00a0<a href=\"https:\/\/email.cloud.secureclick.net\/c\/5540?id=13717396.51297.1.9ea2ba1f44def388f4189eb2020f2902\" target=\"_blank\" rel=\"noreferrer noopener\">Jhayco<\/a>,\u00a0<a href=\"https:\/\/email.cloud.secureclick.net\/c\/5540?id=13717396.51298.1.19034e918d47772672e2e984c78dd69d\" target=\"_blank\" rel=\"noreferrer noopener\">Lola \u00cdndigo<\/a>,\u00a0<a href=\"https:\/\/email.cloud.secureclick.net\/c\/5540?id=13717396.51299.1.b7e821a41e5d0f18531e5f4aa4d5de09\" target=\"_blank\" rel=\"noreferrer noopener\">Morad<\/a>,\u00a0<a href=\"https:\/\/email.cloud.secureclick.net\/c\/5540?id=13717396.51300.1.31734258d0f61c29e9912b28a66d9a26\" target=\"_blank\" rel=\"noreferrer noopener\">Mar\u00eda Becerra<\/a>,\u00a0<a href=\"https:\/\/email.cloud.secureclick.net\/c\/5540?id=13717396.51301.1.5f265f78a5193352dd007a650cbd3fd8\" target=\"_blank\" rel=\"noreferrer noopener\">Cano<\/a>\u00a0y\u00a0<a href=\"https:\/\/email.cloud.secureclick.net\/c\/5540?id=13717396.51302.1.c7d7a0b2f16d05b7081a7b64dad345b2\" target=\"_blank\" rel=\"noreferrer noopener\">JC Reyes<\/a>, y parece dispuesto a batir este a\u00f1o el r\u00e9cord de asistencia de su pasada edici\u00f3n, cuando super\u00f3 la cifra de 25.000 asistentes.<\/p>\n\n\n\n<!--more-->\n\n\n\n<p>El pasado verano, la segunda edici\u00f3n de&nbsp;<strong><a target=\"_blank\" href=\"https:\/\/email.cloud.secureclick.net\/c\/5540?id=13717396.51304.1.366644a55f051a83a257fea89acf38ae\" rel=\"noreferrer noopener\">Granada Latina Festival<\/a><\/strong>superaba todas las expectativas y congregaba en las instalaciones del&nbsp;<strong>Cortijo del Conde<\/strong>&nbsp;m\u00e1s de 25.000 personas. Este 2024, con fecha de celebraci\u00f3n prevista el s\u00e1bado 22 de junio, promete no solo revalidar tal \u00e9xito sino incluso tambi\u00e9n batirlo, ya que la cifra se estima en unos 30.000 asistentes.<\/p>\n\n\n\n<p>Nada extra\u00f1o, a sabiendas del elenco de estrellas que, hasta el momento, atesora su ya nutrido cartel: los astros internacionales&nbsp;<strong><a target=\"_blank\" href=\"https:\/\/email.cloud.secureclick.net\/c\/5540?id=13717396.51305.1.0de8b8b7d2dad053903be169c20cc523\" rel=\"noreferrer noopener\">Jhayco<\/a><\/strong>&nbsp;y&nbsp;<strong><a target=\"_blank\" href=\"https:\/\/email.cloud.secureclick.net\/c\/5540?id=13717396.51306.1.4c048eef1cc4529a0fe16cd31b56fafe\" rel=\"noreferrer noopener\">Mar\u00eda Becerra<\/a><\/strong>, y valores nacionales de la talla de&nbsp;<strong><a target=\"_blank\" href=\"https:\/\/email.cloud.secureclick.net\/c\/5540?id=13717396.51307.1.efd8186e61d7b0dd1c1e9a38d71cb380\" rel=\"noreferrer noopener\">Lola \u00cdndigo<\/a>,&nbsp;<a target=\"_blank\" href=\"https:\/\/email.cloud.secureclick.net\/c\/5540?id=13717396.51308.1.be1b0ff3bcdbee873eae10df1663b16c\" rel=\"noreferrer noopener\">Morad<\/a>,&nbsp;<a target=\"_blank\" href=\"https:\/\/email.cloud.secureclick.net\/c\/5540?id=13717396.51309.1.3e3ee41269b83790354d8b97cf5a92cb\" rel=\"noreferrer noopener\">Cano<\/a><\/strong>&nbsp;y&nbsp;<strong><a target=\"_blank\" href=\"https:\/\/email.cloud.secureclick.net\/c\/5540?id=13717396.51310.1.ae509d5a224e2a961a0ee0384d9b9544\" rel=\"noreferrer noopener\">JC Reyes<\/a><\/strong>. \u00a1Ah\u00ed es nada!<\/p>\n\n\n\n<p>A este plantel estelar se suma hoy&nbsp;<strong><a target=\"_blank\" href=\"https:\/\/email.cloud.secureclick.net\/c\/5540?id=13717396.51311.1.361d82813a3eda0708c43b6572bf8218\" rel=\"noreferrer noopener\">Maka<\/a><\/strong>, m\u00e1ximo exponente sin duda del flamenco urbano en Espa\u00f1a. El granadino&nbsp;<strong>Francisco Javier Rodr\u00edguez Morales<\/strong>, m\u00e1s conocido por su nombre art\u00edstico&nbsp;<strong><a target=\"_blank\" href=\"https:\/\/email.cloud.secureclick.net\/c\/5540?id=13717396.51312.1.ef45c417fa0765be429e59e93e0ad3d7\" rel=\"noreferrer noopener\">Maka<\/a><\/strong>, se ha convertido en los \u00faltimos a\u00f1os en una de las sensaciones de nuestra escena, gracias a su personal\u00edsima fusi\u00f3n de flamenco, hip hop y reguet\u00f3n. Trabajos tan celebrados como&nbsp;<strong><a target=\"_blank\" href=\"https:\/\/email.cloud.secureclick.net\/c\/5540?id=13717396.51313.1.83ffe969150f2496236b01e4030d262a\" rel=\"noreferrer noopener\">\u00abDvuende\u00bb<\/a><\/strong>,&nbsp;<strong><a target=\"_blank\" href=\"https:\/\/email.cloud.secureclick.net\/c\/5540?id=13717396.51314.1.60059707e2acb3494f7a9bf9ee026e49\" rel=\"noreferrer noopener\">\u00abBendiciones\u00bb<\/a><\/strong>&nbsp;y&nbsp;<strong><a target=\"_blank\" href=\"https:\/\/email.cloud.secureclick.net\/c\/5540?id=13717396.51315.1.fe3303da77221f25fd96ee36c80a75fb\" rel=\"noreferrer noopener\">\u00abMaldiciones\u00bb<\/a><\/strong>&nbsp;o canciones tan exitosas como&nbsp;<strong><a target=\"_blank\" href=\"https:\/\/email.cloud.secureclick.net\/c\/5540?id=13717396.51316.1.06ed0ffb455ac1681de0cb4e049137f0\" rel=\"noreferrer noopener\">\u00abCositas del Amor\u00bb<\/a><\/strong>,&nbsp;<strong><a target=\"_blank\" href=\"https:\/\/email.cloud.secureclick.net\/c\/5540?id=13717396.51317.1.0b51bf580cec57726326ef71a8a14f2d\" rel=\"noreferrer noopener\">\u00abEl Dinero no te Vale\u00bb<\/a><\/strong>,&nbsp;<strong><a target=\"_blank\" href=\"https:\/\/email.cloud.secureclick.net\/c\/5540?id=13717396.51318.1.38094b4f1aa3148aa9fc325cf9a55b40\" rel=\"noreferrer noopener\">\u00abEl Motivo\u00bb<\/a><\/strong>,&nbsp;<strong><a target=\"_blank\" href=\"https:\/\/email.cloud.secureclick.net\/c\/5540?id=13717396.51319.1.d1f08ee00efe0881bdbda21ebe950457\" rel=\"noreferrer noopener\">\u00abSiempre que Amanece\u00bb<\/a><\/strong>&nbsp;o la recient\u00edsima&nbsp;<strong><a target=\"_blank\" href=\"https:\/\/email.cloud.secureclick.net\/c\/5540?id=13717396.51320.1.dbec0fa9388ba480ae601db7d4dfd0a4\" rel=\"noreferrer noopener\">\u00abAmor Ciego\u00bb<\/a><\/strong>, lanzada este febrero, han aupado a lo m\u00e1s alto a este joven artista que, en su \u00faltima gira&nbsp;<strong>\u00abGloria Bendita\u00bb<\/strong>, agot\u00f3 localidades en espacios esc\u00e9nicos tan emblem\u00e1ticos como&nbsp;<strong>WiZink Center<\/strong>&nbsp;de&nbsp;<strong>Madrid<\/strong>, el&nbsp;<strong>Palau Sant Jordi<\/strong>&nbsp;de&nbsp;<strong>Barcelona<\/strong>&nbsp;o la&nbsp;<strong>Marina Sur<\/strong>&nbsp;de&nbsp;<strong>Valencia<\/strong>. El pr\u00f3ximo s\u00e1bado 22 de junio, ser\u00e1 el&nbsp;<strong>Cortijo del Conde<\/strong>&nbsp;de&nbsp;<strong>Granada<\/strong>&nbsp;el que vibre al ritmo de sus canciones hasta la bandera.<\/p>\n\n\n\n<p>Y es que por tercer a\u00f1o consecutivo,&nbsp;<strong><a target=\"_blank\" href=\"https:\/\/email.cloud.secureclick.net\/c\/5540?id=13717396.51321.1.c1d5213c828a449a5c55ad5623d06607\" rel=\"noreferrer noopener\">Granada Latina Festival<\/a><\/strong>&nbsp;promete erigir a la ciudad de la&nbsp;<strong>Alhambra<\/strong>&nbsp;como el epicentro de la escena latina internacional y en destino obligado para todos aquellos y todas aquellas que hemos convertido el reggaet\u00f3n en la banda sonora de nuestros d\u00edas.<\/p>\n\n\n\n<p><\/p>","protected":false},"excerpt":{"rendered":"<p>El granadino\u00a0Maka\u00a0se suma a la tercera edici\u00f3n de\u00a0Granada Latina Festival. El festival, que se celebrar\u00e1 el s\u00e1bado 22 de junio en el Cortijo del Conde, contaba ya en su cartel con artistas como\u00a0Jhayco,\u00a0Lola \u00cdndigo,\u00a0Morad,\u00a0Mar\u00eda Becerra,\u00a0Cano\u00a0y\u00a0JC Reyes, y parece dispuesto a batir este a\u00f1o el r\u00e9cord de asistencia de su pasada edici\u00f3n, cuando super\u00f3 la cifra [&hellip;]<\/p>\n","protected":false},"author":1,"featured_media":1441,"parent":0,"menu_order":0,"comment_status":"closed","ping_status":"closed","template":"","meta":{"footnotes":""},"class_list":["post-1437","page","type-page","status-publish","has-post-thumbnail","hentry"],"_links":{"self":[{"href":"https:\/\/www.granadalatina.es\/en\/wp-json\/wp\/v2\/pages\/1437","targetHints":{"allow":["GET"]}}],"collection":[{"href":"https:\/\/www.granadalatina.es\/en\/wp-json\/wp\/v2\/pages"}],"about":[{"href":"https:\/\/www.granadalatina.es\/en\/wp-json\/wp\/v2\/types\/page"}],"author":[{"embeddable":true,"href":"https:\/\/www.granadalatina.es\/en\/wp-json\/wp\/v2\/users\/1"}],"replies":[{"embeddable":true,"href":"https:\/\/www.granadalatina.es\/en\/wp-json\/wp\/v2\/comments?post=1437"}],"version-history":[{"count":1,"href":"https:\/\/www.granadalatina.es\/en\/wp-json\/wp\/v2\/pages\/1437\/revisions"}],"predecessor-version":[{"id":1438,"href":"https:\/\/www.granadalatina.es\/en\/wp-json\/wp\/v2\/pages\/1437\/revisions\/1438"}],"wp:featuredmedia":[{"embeddable":true,"href":"https:\/\/www.granadalatina.es\/en\/wp-json\/wp\/v2\/media\/1441"}],"wp:attachment":[{"href":"https:\/\/www.granadalatina.es\/en\/wp-json\/wp\/v2\/media?parent=1437"}],"curies":[{"name":"wp","href":"https:\/\/api.w.org\/{rel}","templated":true}]}}