{"id":13,"date":"2020-06-13T18:11:14","date_gmt":"2020-06-13T18:11:14","guid":{"rendered":"http:\/\/www.granadalatinafestival.es\/?page_id=13"},"modified":"2025-05-23T18:31:13","modified_gmt":"2025-05-23T18:31:13","slug":"condiciones-generales","status":"publish","type":"page","link":"https:\/\/www.granadalatina.es\/en\/condiciones-generales\/","title":{"rendered":"CONDICIONES GENERALES"},"content":{"rendered":"<div>\n<h3><strong>NORMAS Y CONDICIONES DE USO<\/strong><\/h3>\n<p>Seg\u00fan establece el art\u00edculo 4 de la ley 13\/1999 de 15 de diciembre de la Junta de Andaluc\u00eda, de Espect\u00e1culos P\u00fablicos y Actividades Recreativas de Andaluc\u00eda, GRANADA LATINA 2024 AIE con CIF: V56484686 y direcci\u00f3n Postal Plaza del Carmen, 2 &#8211; 2\u00ba C &#8211; 18009 GRANADA.\u00a0 <span>tlf: 858 90 82 99\u00a0<\/span>en su condici\u00f3n de organizadora del GRANADA LATINA FESTIVAL, establece condiciones de admisi\u00f3n, as\u00ed como instrucciones y normativas particulares para el normal desarrollo del espect\u00e1culo. Aquellos puntos que no se especifiquen o regulen en las siguientes l\u00edneas, ser\u00e1n aplicados bajo la legislaci\u00f3n auton\u00f3mica y estatal vigente.<\/p>\n<h5><strong>1- La tenencia y uso de la entrada o abono implica la aceptaci\u00f3n de\u00a0las siguientes condiciones:<\/strong><\/h5>\n<p>1.1. Entrada limitada al aforo de cada espacio.<\/p>\n<p>1.2. La organizaci\u00f3n se reserva el derecho a hacer cambios en la\u00a0programaci\u00f3n y horarios del evento, debido a causas de fuerza mayor o \u00faltima hora. Igualmente, la organizaci\u00f3n se reserva el derecho a poner a la venta entradas diferentes a las actuales. El precio de las entradas no incluye los gastos de distribuci\u00f3n (Costes ajenos a\u00a0la organizaci\u00f3n).<\/p>\n<p>1.3. La entrada no puede ser objeto de devoluci\u00f3n, ni cambio, salvo cancelaci\u00f3n total del evento, o modificaci\u00f3n de la fecha de celebraci\u00f3n del mismo. La Promotora se reserva el derecho de modificar, suspender o alterar cualquiera de las actividades y actuaciones propuestas en el cartel. Si la cancelaci\u00f3n es total la Promotora devolver\u00e1 el importe de la entrada en las condiciones que se publicar\u00e1n por este mismo medio, a excepci\u00f3n del coste de distribuci\u00f3n, al tratarse \u00e9ste de un servicio prestado por los canales de venta en el momento de la compraventa de la entrada. En ning\u00fan caso se devolver\u00e1 el importe de las entradas si la cancelaci\u00f3n se ha producido una vez comenzado el festival.<\/p>\n<p><span>1.4. \u00bfCu\u00e1ndo recibir\u00e9 mis entradas? En el mismo momento de realizar la compra recibir\u00e1s un email de confirmaci\u00f3n de compra, en este mismo email se activar\u00e1 un bot\u00f3n de descarga para descargar tus entradas en la misma semana del festival por motivos de seguridad.<\/span><\/p>\n<p><span>1.6. Las entradas deber\u00e1n ir asociadas al nombre y apellidos de la persona que las adquiri\u00f3. Si tu entrada no va asociada a este, deber\u00e1s realizar el cambio de nombre a trav\u00e9s de nuestra p\u00e1gina web.<\/span><br \/><span>La misma semana de realizaci\u00f3n del festival recibir\u00e1s un email con el PDF de tu entrada, a partir de ah\u00ed deber\u00e1s seguir los pasos indicados en nuestra web para poder realizar dicho cambio.<\/span><\/p>\n<p>1.7. La organizaci\u00f3n no asume ninguna responsabilidad en caso de p\u00e9rdida, robo o compra de entradas y\/o pulseras en puntos de venta no oficiales. Las entradas s\u00f3lo podr\u00e1n ser adquiridas a trav\u00e9s de los puntos de venta oficiales indicados en la p\u00e1gina web oficial del festival.<\/p>\n<p><span>1.8. Las entradas de Movilidad Reducida son \u00fanicamente para personas en Silla de Ruedas. M\u00e1ximo 1 acompa\u00f1ante por silla de ruedas.\u00a0 Para adquirir tu entrada PMR Y ACOMPA\u00d1ANTE contacta con <\/span><a class=\"moz-txt-link-abbreviated\" title=\"mailto:info@ayudaeventos.com\" contenteditable=\"false\" href=\"mailto:info@ayudaeventos.com\">info@ayudaeventos.com<\/a><\/p>\n<p><span>1.9. La pulsera ser\u00e1 personal e intransferible en todo caso.<\/span><\/p>\n<h5><strong>2- DERECHO DE ADMISI\u00d3N.<\/strong><\/h5>\n<p><strong>La organizaci\u00f3n se reserva el derecho de admisi\u00f3n y establece\u00a0las siguientes cl\u00e1usulas:<\/strong><\/p>\n<p>2.1.\u00a0La organizaci\u00f3n nunca se har\u00e1 responsable de los procedimientos que los asistentes puedan utilizar para conseguir tabaco y\/o alcohol en el caso de los menores, o consumo de sustancias nocivas dentro del recinto del festival.<\/p>\n<p>2.2.\u00a0En caso de ser MENOR DE EDAD y asistir al festival es necesario enviar y llevar impresa una autorizaci\u00f3n por parte del tutor del menor (padre\/madre\/tutor legal) para poder acceder. En el caso de menores de 16 a\u00f1os, adem\u00e1s ser\u00e1 obligatorio ir acompa\u00f1ado por el tutor acreditado, y entregar en el Control de Acceso la autorizaci\u00f3n para acceder al recinto del festival, siendo el tutor responsable de todos los actos del menor. Esta autorizaci\u00f3n ha de estar firmada por el padre, madre o tutor legal del menor asumiendo una total responsabilidad con respecto al acceso del menor al recinto. La autorizaci\u00f3n la puedes imprimir en el apartado de ENTRADAS de nuestra p\u00e1gina web oficial. (DESCARGAR AUTORIZACI\u00d3N). Igualmente, tanto el menor de edad como el tutor legal que le acompa\u00f1e deber\u00e1n presentar un documento que les identifique (DNI, Libro de Familia, Pasaporte).<\/p>\n<ul>\n<li>Si el menor no presenta dicha autorizaci\u00f3n firmada, la direcci\u00f3n del festival se reserva el derecho de admisi\u00f3n denegando la entrada del menor. En el interior del recinto del festival queda exonerada cualquier responsabilidad del promotor en la custodia o cuidado del menor.<\/li>\n<li>El incumplimiento de las condiciones expresadas adem\u00e1s implica la no devoluci\u00f3n del importe abonado por la entrada.<\/li>\n<li>La entrada o abono es precio \u00fanico para cualquier edad.<\/li>\n<\/ul>\n<p>2.3. Seg\u00fan lo establecido en la legislaci\u00f3n, los asistentes podr\u00e1n ser registrados no estando permitida la entrada de objetos o utensilios que se estimen como peligrosos (armas blancas, vidrios, cascos de moto, etc.)<\/p>\n<p>2.4. La denegaci\u00f3n de acceso y la expulsi\u00f3n inmediata del recinto implica la no devoluci\u00f3n del importe de la entrada, la retirada de la pulsera correspondiente y podr\u00e1 llevarse a cabo por los siguientes motivos:<\/p>\n<ul>\n<li>Incumplimiento de las indicaciones del personal de la entidad organizadora.<\/li>\n<li>Posesi\u00f3n y\/o tr\u00e1fico de drogas.<\/li>\n<li>Posesi\u00f3n de bengalas o fuegos artificiales.<\/li>\n<li>Encontrarse en estado de embriaguez alto o intoxicaci\u00f3n por estupefacientes, siendo responsable personalmente de sus actos y consecuencias.<\/li>\n<li>Hurtos y sustracciones en cualquiera de las \u00e1reas del recinto.<\/li>\n<\/ul>\n<p>2.5. No esta permitido entrar con animales de ning\u00fan tipo, excepto perro gu\u00eda para ciegos.<\/p>\n<p>2.6. El portador de la pulsera asume personalmente todo riesgo que pueda derivarse del evento y\/o de la concentraci\u00f3n de p\u00fablico a que da lugar el mismo tanto en el acceso como durante y en la salida del evento. La organizaci\u00f3n no se hace responsable por los objetos robados o los da\u00f1os causados por terceros.<\/p>\n<p>2.7. La Organizaci\u00f3n puede anular o modificar cualquiera de las anteriores condiciones siempre que lo considere oportuno y en beneficio del correcto funcionamiento del evento, en cuyo caso lo pondr\u00e1 en conocimiento del p\u00fablico asistente por los canales que considere adecuados.<\/p>\n<h5><strong>3- OBLIGACIONES DEL P\u00daBLICO.<\/strong><\/h5>\n<p><strong>Los asistentes deber\u00e1n:<\/strong><\/p>\n<p>3.1. Permanecer en las zonas autorizadas y asignadas sin invadir \u00e1reas destinadas a otros fines.<\/p>\n<p>3.2. Acceder a los espacios del recinto del festival a trav\u00e9s de los caminos, senderos o accesos que la organizaci\u00f3n tenga habilitados y se\u00f1alizados como permitidos y oficiales. La organizaci\u00f3n advierte abstenerse de escoger alternativas no autorizadas.<\/p>\n<p>3.3. Abstenerse de portar armas u otros objetos que puedan usarse como tales o sean considerados como peligrosos, as\u00ed como exhibir s\u00edmbolos, prendas u objetos que inciten a la violencia o supongan apolog\u00eda de\u00a0actividades contrarias a los derechos fundamentales reconocidos en la\u00a0Constituci\u00f3n y en especial que inciten el racismo, la xenofobia o violencia de\u00a0g\u00e9nero.<\/p>\n<p>3.4. Cumplir los requisitos o normas de acceso y admisi\u00f3n establecidas con car\u00e1cter general por la organizaci\u00f3n.<\/p>\n<p>3.5. Abstenerse de acceder al escenario o backstage.<\/p>\n<p>3.6. Evitar acciones que puedan crear situaciones de peligro o incomodidad al p\u00fablico en general y al personal de la organizaci\u00f3n.<\/p>\n<p>La organizaci\u00f3n podr\u00e1 adoptar las medidas preventivas oportunas para asegurar el correcto desarrollo del espect\u00e1culo en caso de incumplimiento de las prohibiciones y limitaciones expuestas.<\/p>\n<h5><strong>4- PROPIEDAD INTELECTUAL E IMAGEN Y\u00a0PROTECCI\u00d3N DE DATOS<\/strong><\/h5>\n<p>4.1. Quedan reservados los derechos de imagen y propiedad intelectual procedentes de cualquier celebraci\u00f3n o actuaci\u00f3n art\u00edstica que tengan lugar dentro del recinto. El entrar al recinto implica que sus asistentes aceptan que pueden ser filmados, grabados y\/o fotografiados como parte del p\u00fablico asistente por medios de comunicaci\u00f3n autorizados para posibles proyecciones en el marco promociona y de marketing, sin derecho a compensaci\u00f3n alguna.<\/p>\n<p>4.2. No se permite acceder al recinto con c\u00e1maras o equipos de grabaci\u00f3n profesionales excepto con una autorizaci\u00f3n expresa remitida por la organizaci\u00f3n. Tampoco se permite acceder con equipos de sonido.<\/p>\n<p>4.3.De conformidad con lo dispuesto en el Reglamento Europeo 2016\/679 de 27 de abril de 2016,\u00a0\u00a0de Protecci\u00f3n de Datos de Car\u00e1cter Personal, los datos facilitados ser\u00e1n comunicados a la entidad titular del evento GRANADA LATINA 2024 AIE para la gesti\u00f3n del evento y de sus clientes as\u00ed como el env\u00edo de informaci\u00f3n comercial y promocional de sus eventos, servicios y productos.<\/p>\n<p>Como asistente al evento, el usuario entiende y acepta que sus datos\/imagen pueden ser publicados por GRANADA LATINA 2024 AIE en los siguientes medios y con las finalidades anteriormente citadas:<\/p>\n<ul>\n<li>en la web de GRANADA LATINA 2024 AIE. www.granadalatina.es<\/li>\n<li>Redes sociales (facebook, twitter, instagram, youtube, myspace, tuenti, etc.)<\/li>\n<li>Cualquier otro soporte publicitario, de comunicaci\u00f3n o con finalidades comerciales.<\/li>\n<\/ul>\n<p>4.4. Puede ejercitar sus derechos ARCOP ( acceso, rectificaci\u00f3n, cancelaci\u00f3n, oposici\u00f3n y portabilidad) en relaci\u00f3n con sus datos personales dirigi\u00e9ndose por escrito y adjuntando fotocopia del DNI a la direcci\u00f3n de GRANADA LATINA 2024 AIE con CIF: V56484686 y direcci\u00f3n Postal Plaza del Carmen, 2 &#8211; 2\u00ba C &#8211; 18009 GRANADA. <span>tlf: 858 90 82 99\u00a0<\/span><\/p>\n<p>Agradecemos tu colaboraci\u00f3n para mantener el espacio y las instalaciones en las mejores condiciones posibles. Agradecemos tu ayuda y que colabores en mantener todos los espacios en las condiciones que a ti te gustar\u00eda encontrarlos. Trabajamos para facilitarte tu estancia y que disfrutes y te diviertas, as\u00ed que agradecemos que t\u00fa tambi\u00e9n colabores y nos facilites nuestra labor.<\/p>\n<p>El buen trato y el respeto mutuo no es obligatorio, pero s\u00ed lo consideramos muy conveniente.<\/p>\n<p>Gracias y Bienvenid@ a Granada Latina Festival. En caso de alguna duda o cuesti\u00f3n que no est\u00e9 especificada en\u00a0estos puntos o en el resto de la web puedes ponerte en contacto con nosotros.\u00a0<\/p>\n<\/p>\n<\/div>\n<p><!--more--><br \/>\n<!-- {\"type\":\"layout\",\"children\":[{\"type\":\"section\",\"props\":{\"animation\":\"slide-left\",\"animation_delay\":\"200\",\"image_position\":\"center-center\",\"style\":\"default\",\"title_breakpoint\":\"xl\",\"title_position\":\"top-left\",\"title_rotation\":\"left\",\"vertical_align\":\"\",\"width\":\"default\"},\"children\":[{\"type\":\"row\",\"children\":[{\"type\":\"column\",\"props\":{\"image_position\":\"center-center\",\"position_sticky_breakpoint\":\"m\"},\"children\":[{\"type\":\"text\",\"props\":{\"column_breakpoint\":\"m\",\"content\":\"\n\n<h3><strong>NORMAS Y CONDICIONES DE USO<\\\/strong><\\\/h3>\\n\n\n<p>Seg\\u00fan establece el art\\u00edculo 4 de la ley 13\\\/1999 de 15 de diciembre de la Junta de Andaluc\\u00eda, de Espect\\u00e1culos P\\u00fablicos y Actividades Recreativas de Andaluc\\u00eda, GRANADA LATINA 2024 AIE con CIF: V56484686 y direcci\\u00f3n Postal Plaza del Carmen, 2 - 2\\u00ba C - 18009 GRANADA.\\u00a0 <span>tlf: 858 90 82 99\\u00a0<\\\/span>en su condici\\u00f3n de organizadora del GRANADA LATINA FESTIVAL, establece condiciones de admisi\\u00f3n, as\\u00ed como instrucciones y normativas particulares para el normal desarrollo del espect\\u00e1culo. Aquellos puntos que no se especifiquen o regulen en las siguientes l\\u00edneas, ser\\u00e1n aplicados bajo la legislaci\\u00f3n auton\\u00f3mica y estatal vigente.<\\\/p>\\n\n\n<h5><strong>1- La tenencia y uso de la entrada o abono implica la aceptaci\\u00f3n de\\u00a0las siguientes condiciones:<\\\/strong><\\\/h5>\\n\n\n<p>1.1. Entrada limitada al aforo de cada espacio.<\\\/p>\\n\n\n<p>1.2. La organizaci\\u00f3n se reserva el derecho a hacer cambios en la\\u00a0programaci\\u00f3n y horarios del evento, debido a causas de fuerza mayor o \\u00faltima hora. Igualmente, la organizaci\\u00f3n se reserva el derecho a poner a la venta entradas diferentes a las actuales. El precio de las entradas no incluye los gastos de distribuci\\u00f3n (Costes ajenos a\\u00a0la organizaci\\u00f3n).<\\\/p>\\n\n\n<p>1.3. La entrada no puede ser objeto de devoluci\\u00f3n, ni cambio, salvo cancelaci\\u00f3n total del evento, o modificaci\\u00f3n de la fecha de celebraci\\u00f3n del mismo. La Promotora se reserva el derecho de modificar, suspender o alterar cualquiera de las actividades y actuaciones propuestas en el cartel. Si la cancelaci\\u00f3n es total la Promotora devolver\\u00e1 el importe de la entrada en las condiciones que se publicar\\u00e1n por este mismo medio, a excepci\\u00f3n del coste de distribuci\\u00f3n, al tratarse \\u00e9ste de un servicio prestado por los canales de venta en el momento de la compraventa de la entrada. En ning\\u00fan caso se devolver\\u00e1 el importe de las entradas si la cancelaci\\u00f3n se ha producido una vez comenzado el festival.<\\\/p>\\n\n\n<p><span>1.4. \\u00bfCu\\u00e1ndo recibir\\u00e9 mis entradas? En el mismo momento de realizar la compra recibir\\u00e1s un email de confirmaci\\u00f3n de compra, en este mismo email se activar\\u00e1 un bot\\u00f3n de descarga para descargar tus entradas en la misma semana del festival por motivos de seguridad.<\\\/span><\\\/p>\\n\n\n<p><span>1.6. Las entradas deber\\u00e1n ir asociadas al nombre y apellidos de la persona que las adquiri\\u00f3. Si tu entrada no va asociada a este, deber\\u00e1s realizar el cambio de nombre a trav\\u00e9s de nuestra p\\u00e1gina web.<\\\/span><br \\\/><span>La misma semana de realizaci\\u00f3n del festival recibir\\u00e1s un email con el PDF de tu entrada, a partir de ah\\u00ed deber\\u00e1s seguir los pasos indicados en nuestra web para poder realizar dicho cambio.<\\\/span><\\\/p>\\n\n\n<p>1.7. La organizaci\\u00f3n no asume ninguna responsabilidad en caso de p\\u00e9rdida, robo o compra de entradas y\\\/o pulseras en puntos de venta no oficiales. Las entradas s\\u00f3lo podr\\u00e1n ser adquiridas a trav\\u00e9s de los puntos de venta oficiales indicados en la p\\u00e1gina web oficial del festival.<\\\/p>\\n\n\n<p><span>1.8. Las entradas de Movilidad Reducida son \\u00fanicamente para personas en Silla de Ruedas. M\\u00e1ximo 1 acompa\\u00f1ante por silla de ruedas.\\u00a0 Para adquirir tu entrada PMR Y ACOMPA\\u00d1ANTE contacta con <\\\/span><a class=\\\"moz-txt-link-abbreviated\\\" title=\\\"mailto:info@ayudaeventos.com\\\" contenteditable=\\\"false\\\" href=\\\"mailto:info@ayudaeventos.com\\\">info@ayudaeventos.com<\\\/a><\\\/p>\\n\n\n<p><span>1.9. La pulsera ser\\u00e1 personal e intransferible en todo caso.<\\\/span><\\\/p>\\n\n\n<h5><strong>2- DERECHO DE ADMISI\\u00d3N.<\\\/strong><\\\/h5>\\n\n\n<p><strong>La organizaci\\u00f3n se reserva el derecho de admisi\\u00f3n y establece\\u00a0las siguientes cl\\u00e1usulas:<\\\/strong><\\\/p>\\n\n\n<p>2.1.\\u00a0La organizaci\\u00f3n nunca se har\\u00e1 responsable de los procedimientos que los asistentes puedan utilizar para conseguir tabaco y\\\/o alcohol en el caso de los menores, o consumo de sustancias nocivas dentro del recinto del festival.<\\\/p>\\n\n\n<p>2.2.\\u00a0En caso de ser MENOR DE EDAD y asistir al festival es necesario enviar y llevar impresa una autorizaci\\u00f3n por parte del tutor del menor (padre\\\/madre\\\/tutor legal) para poder acceder. En el caso de menores de 16 a\\u00f1os, adem\\u00e1s ser\\u00e1 obligatorio ir acompa\\u00f1ado por el tutor acreditado, y entregar en el Control de Acceso la autorizaci\\u00f3n para acceder al recinto del festival, siendo el tutor responsable de todos los actos del menor. Esta autorizaci\\u00f3n ha de estar firmada por el padre, madre o tutor legal del menor asumiendo una total responsabilidad con respecto al acceso del menor al recinto. La autorizaci\\u00f3n la puedes imprimir en el apartado de ENTRADAS de nuestra p\\u00e1gina web oficial. (DESCARGAR AUTORIZACI\\u00d3N). Igualmente, tanto el menor de edad como el tutor legal que le acompa\\u00f1e deber\\u00e1n presentar un documento que les identifique (DNI, Libro de Familia, Pasaporte).<\\\/p>\\n\n\n<ul>\\n\n\n<li>Si el menor no presenta dicha autorizaci\\u00f3n firmada, la direcci\\u00f3n del festival se reserva el derecho de admisi\\u00f3n denegando la entrada del menor. En el interior del recinto del festival queda exonerada cualquier responsabilidad del promotor en la custodia o cuidado del menor.<\\\/li>\\n\n\n<li>El incumplimiento de las condiciones expresadas adem\\u00e1s implica la no devoluci\\u00f3n del importe abonado por la entrada.<\\\/li>\\n\n\n<li>La entrada o abono es precio \\u00fanico para cualquier edad.<\\\/li>\\n<\\\/ul>\\n\n\n<p>2.3. Seg\\u00fan lo establecido en la legislaci\\u00f3n, los asistentes podr\\u00e1n ser registrados no estando permitida la entrada de objetos o utensilios que se estimen como peligrosos (armas blancas, vidrios, cascos de moto, etc.)<\\\/p>\\n\n\n<p>2.4. La denegaci\\u00f3n de acceso y la expulsi\\u00f3n inmediata del recinto implica la no devoluci\\u00f3n del importe de la entrada, la retirada de la pulsera correspondiente y podr\\u00e1 llevarse a cabo por los siguientes motivos:<\\\/p>\\n\n\n<ul>\\n\n\n<li>Incumplimiento de las indicaciones del personal de la entidad organizadora.<\\\/li>\\n\n\n<li>Posesi\\u00f3n y\\\/o tr\\u00e1fico de drogas.<\\\/li>\\n\n\n<li>Posesi\\u00f3n de bengalas o fuegos artificiales.<\\\/li>\\n\n\n<li>Encontrarse en estado de embriaguez alto o intoxicaci\\u00f3n por estupefacientes, siendo responsable personalmente de sus actos y consecuencias.<\\\/li>\\n\n\n<li>Hurtos y sustracciones en cualquiera de las \\u00e1reas del recinto.<\\\/li>\\n<\\\/ul>\\n\n\n<p>2.5. No esta permitido entrar con animales de ning\\u00fan tipo, excepto perro gu\\u00eda para ciegos.<\\\/p>\\n\n\n<p>2.6. El portador de la pulsera asume personalmente todo riesgo que pueda derivarse del evento y\\\/o de la concentraci\\u00f3n de p\\u00fablico a que da lugar el mismo tanto en el acceso como durante y en la salida del evento. La organizaci\\u00f3n no se hace responsable por los objetos robados o los da\\u00f1os causados por terceros.<\\\/p>\\n\n\n<p>2.7. La Organizaci\\u00f3n puede anular o modificar cualquiera de las anteriores condiciones siempre que lo considere oportuno y en beneficio del correcto funcionamiento del evento, en cuyo caso lo pondr\\u00e1 en conocimiento del p\\u00fablico asistente por los canales que considere adecuados.<\\\/p>\\n\n\n<h5><strong>3- OBLIGACIONES DEL P\\u00daBLICO.<\\\/strong><\\\/h5>\\n\n\n<p><strong>Los asistentes deber\\u00e1n:<\\\/strong><\\\/p>\\n\n\n<p>3.1. Permanecer en las zonas autorizadas y asignadas sin invadir \\u00e1reas destinadas a otros fines.<\\\/p>\\n\n\n<p>3.2. Acceder a los espacios del recinto del festival a trav\\u00e9s de los caminos, senderos o accesos que la organizaci\\u00f3n tenga habilitados y se\\u00f1alizados como permitidos y oficiales. La organizaci\\u00f3n advierte abstenerse de escoger alternativas no autorizadas.<\\\/p>\\n\n\n<p>3.3. Abstenerse de portar armas u otros objetos que puedan usarse como tales o sean considerados como peligrosos, as\\u00ed como exhibir s\\u00edmbolos, prendas u objetos que inciten a la violencia o supongan apolog\\u00eda de\\u00a0actividades contrarias a los derechos fundamentales reconocidos en la\\u00a0Constituci\\u00f3n y en especial que inciten el racismo, la xenofobia o violencia de\\u00a0g\\u00e9nero.<\\\/p>\\n\n\n<p>3.4. Cumplir los requisitos o normas de acceso y admisi\\u00f3n establecidas con car\\u00e1cter general por la organizaci\\u00f3n.<\\\/p>\\n\n\n<p>3.5. Abstenerse de acceder al escenario o backstage.<\\\/p>\\n\n\n<p>3.6. Evitar acciones que puedan crear situaciones de peligro o incomodidad al p\\u00fablico en general y al personal de la organizaci\\u00f3n.<\\\/p>\\n\n\n<p>La organizaci\\u00f3n podr\\u00e1 adoptar las medidas preventivas oportunas para asegurar el correcto desarrollo del espect\\u00e1culo en caso de incumplimiento de las prohibiciones y limitaciones expuestas.<\\\/p>\\n\n\n<h5><strong>4- PROPIEDAD INTELECTUAL E IMAGEN Y\\u00a0PROTECCI\\u00d3N DE DATOS<\\\/strong><\\\/h5>\\n\n\n<p>4.1. Quedan reservados los derechos de imagen y propiedad intelectual procedentes de cualquier celebraci\\u00f3n o actuaci\\u00f3n art\\u00edstica que tengan lugar dentro del recinto. El entrar al recinto implica que sus asistentes aceptan que pueden ser filmados, grabados y\\\/o fotografiados como parte del p\\u00fablico asistente por medios de comunicaci\\u00f3n autorizados para posibles proyecciones en el marco promociona y de marketing, sin derecho a compensaci\\u00f3n alguna.<\\\/p>\\n\n\n<p>4.2. No se permite acceder al recinto con c\\u00e1maras o equipos de grabaci\\u00f3n profesionales excepto con una autorizaci\\u00f3n expresa remitida por la organizaci\\u00f3n. Tampoco se permite acceder con equipos de sonido.<\\\/p>\\n\n\n<p>4.3.De conformidad con lo dispuesto en el Reglamento Europeo 2016\\\/679 de 27 de abril de 2016,\\u00a0\\u00a0de Protecci\\u00f3n de Datos de Car\\u00e1cter Personal, los datos facilitados ser\\u00e1n comunicados a la entidad titular del evento GRANADA LATINA 2024 AIE para la gesti\\u00f3n del evento y de sus clientes as\\u00ed como el env\\u00edo de informaci\\u00f3n comercial y promocional de sus eventos, servicios y productos.<\\\/p>\\n\n\n<p>Como asistente al evento, el usuario entiende y acepta que sus datos\\\/imagen pueden ser publicados por GRANADA LATINA 2024 AIE en los siguientes medios y con las finalidades anteriormente citadas:<\\\/p>\\n\n\n<ul>\\n\n\n<li>en la web de GRANADA LATINA 2024 AIE. www.granadalatina.es<\\\/li>\\n\n\n<li>Redes sociales (facebook, twitter, instagram, youtube, myspace, tuenti, etc.)<\\\/li>\\n\n\n<li>Cualquier otro soporte publicitario, de comunicaci\\u00f3n o con finalidades comerciales.<\\\/li>\\n<\\\/ul>\\n\n\n<p>4.4. Puede ejercitar sus derechos ARCOP ( acceso, rectificaci\\u00f3n, cancelaci\\u00f3n, oposici\\u00f3n y portabilidad) en relaci\\u00f3n con sus datos personales dirigi\\u00e9ndose por escrito y adjuntando fotocopia del DNI a la direcci\\u00f3n de GRANADA LATINA 2024 AIE con CIF: V56484686 y direcci\\u00f3n Postal Plaza del Carmen, 2 - 2\\u00ba C - 18009 GRANADA. <span>tlf: 858 90 82 99\\u00a0<\\\/span><\\\/p>\\n\n\n<p>Agradecemos tu colaboraci\\u00f3n para mantener el espacio y las instalaciones en las mejores condiciones posibles. Agradecemos tu ayuda y que colabores en mantener todos los espacios en las condiciones que a ti te gustar\\u00eda encontrarlos. Trabajamos para facilitarte tu estancia y que disfrutes y te diviertas, as\\u00ed que agradecemos que t\\u00fa tambi\\u00e9n colabores y nos facilites nuestra labor.<\\\/p>\\n\n\n<p>El buen trato y el respeto mutuo no es obligatorio, pero s\\u00ed lo consideramos muy conveniente.<\\\/p>\\n\n\n<p>Gracias y Bienvenid@ a Granada Latina Festival. En caso de alguna duda o cuesti\\u00f3n que no est\\u00e9 especificada en\\u00a0estos puntos o en el resto de la web puedes ponerte en contacto con nosotros.\\u00a0<\\\/p>\\n\n\n<p><\\\/p>\",\"margin\":\"default\"}}]}]}]}],\"version\":\"4.4.10\"} --><\/p>\n","protected":false},"excerpt":{"rendered":"<p>NORMAS Y CONDICIONES DE USO Seg\u00fan establece el art\u00edculo 4 de la ley 13\/1999 de 15 de diciembre de la Junta de Andaluc\u00eda, de Espect\u00e1culos P\u00fablicos y Actividades Recreativas de Andaluc\u00eda, GRANADA LATINA 2024 AIE con CIF: V56484686 y direcci\u00f3n Postal Plaza del Carmen, 2 &#8211; 2\u00ba C &#8211; 18009 GRANADA.\u00a0 tlf: 858 90 82 [&hellip;]<\/p>\n","protected":false},"author":1,"featured_media":0,"parent":0,"menu_order":0,"comment_status":"closed","ping_status":"closed","template":"","meta":{"footnotes":""},"class_list":["post-13","page","type-page","status-publish","hentry"],"_links":{"self":[{"href":"https:\/\/www.granadalatina.es\/en\/wp-json\/wp\/v2\/pages\/13","targetHints":{"allow":["GET"]}}],"collection":[{"href":"https:\/\/www.granadalatina.es\/en\/wp-json\/wp\/v2\/pages"}],"about":[{"href":"https:\/\/www.granadalatina.es\/en\/wp-json\/wp\/v2\/types\/page"}],"author":[{"embeddable":true,"href":"https:\/\/www.granadalatina.es\/en\/wp-json\/wp\/v2\/users\/1"}],"replies":[{"embeddable":true,"href":"https:\/\/www.granadalatina.es\/en\/wp-json\/wp\/v2\/comments?post=13"}],"version-history":[{"count":24,"href":"https:\/\/www.granadalatina.es\/en\/wp-json\/wp\/v2\/pages\/13\/revisions"}],"predecessor-version":[{"id":1809,"href":"https:\/\/www.granadalatina.es\/en\/wp-json\/wp\/v2\/pages\/13\/revisions\/1809"}],"wp:attachment":[{"href":"https:\/\/www.granadalatina.es\/en\/wp-json\/wp\/v2\/media?parent=13"}],"curies":[{"name":"wp","href":"https:\/\/api.w.org\/{rel}","templated":true}]}}