{"id":127,"date":"2022-01-25T09:47:57","date_gmt":"2022-01-25T09:47:57","guid":{"rendered":"https:\/\/www.granadalatina.es\/?page_id=127"},"modified":"2025-10-07T13:29:59","modified_gmt":"2025-10-07T13:29:59","slug":"autorizacion-menores","status":"publish","type":"page","link":"https:\/\/www.granadalatina.es\/en\/autorizacion-menores\/","title":{"rendered":"AUTORIZACI\u00d3N MENORES"},"content":{"rendered":"<h1>\n<h1 class=\"uk-scrollspy-inview uk-animation-slide-bottom\" uk-scrollspy-class=\"\">AUTORIZACI\u00d3N MENORES<\/h1>\n<\/h1>\n<hr>\n<div>\n<div class=\"uk-margin uk-scrollspy-inview uk-animation-slide-bottom\" uk-scrollspy-class=\"\">\n<h3><strong>MENORES DE 16 A\u00d1OS DE EDAD<\/strong><\/h3>\n<p><strong>Todo menor de 16 a\u00f1os de edad<\/strong> que vaya a acceder al recinto deber\u00e1 de <strong>ir acompa\u00f1ado<\/strong> de un progenitor o tutor\/a, portando igualmente fotocopia y original del DNI del progenitor o tutor\/a, fotocopia y original del DNI del menor, as\u00ed como el formulario de autorizaci\u00f3n y de aceptaci\u00f3n de responsabilidad, cumplimentado y firmado que pueden descargar de esta pesta\u00f1a.\u00a0<\/p>\n<\/div>\n<div class=\"uk-margin uk-scrollspy-inview uk-animation-slide-bottom\" uk-scrollspy-class=\"\">\n<h3><strong>MENORES DE ENTRE 16 Y 18 A\u00d1OS DE EDAD<\/strong><\/h3>\n<div class=\"uk-margin uk-scrollspy-inview uk-animation-slide-bottom-medium uk-animation-slide-bottom\" uk-scrollspy-class=\"\">\n<p><strong>Los menores de entre 16 y 18 a\u00f1os de edad,<\/strong> estar\u00e1n igualmente identificados, ya que en el Festival no se sirven bebidas alcoh\u00f3licas ni venta de tabaco a los menores de edad, pero pueden acceder al recinto del festival sin la compa\u00f1\u00eda de un adulto. Para hacerlo, deben portar fotocopia del DNI del progenitor o tutor\/a, una fotocopia y original de DNI del menor as\u00ed como el formulario de autorizaci\u00f3n y de aceptaci\u00f3n de responsabilidad, cumplimentado y firmado que pueden descargar de esta pesta\u00f1a.\u00a0<\/p>\n<\/div>\n<\/div>\n<div class=\"uk-margin uk-scrollspy-inview uk-animation-slide-bottom\" uk-scrollspy-class=\"\">\u00a0<\/div>\n<\/div>\n<p>\n    <a href=\"\/wp-content\/uploads\/2025\/10\/AUT-MENORES-GRANADALATINA26.docx\">AUTORIZACI\u00d3N MENORES DE EDAD<\/a>\n<\/p>\n<p><!--more--><br \/>\n<!-- {\"type\":\"layout\",\"children\":[{\"type\":\"section\",\"props\":{\"image_position\":\"center-center\",\"style\":\"default\",\"title_breakpoint\":\"xl\",\"title_position\":\"top-left\",\"title_rotation\":\"left\",\"vertical_align\":\"\",\"width\":\"default\"},\"children\":[{\"type\":\"row\",\"children\":[{\"type\":\"column\",\"props\":{\"image_position\":\"center-center\",\"position_sticky_breakpoint\":\"m\"},\"children\":[{\"type\":\"headline\",\"props\":{\"content\":\"\n\n<h1 class=\\\"uk-scrollspy-inview uk-animation-slide-bottom\\\" uk-scrollspy-class=\\\"\\\">AUTORIZACI\\u00d3N MENORES<\\\/h1>\",\"title_element\":\"h1\"}},{\"type\":\"divider\",\"props\":{\"divider_element\":\"hr\",\"divider_style\":\"small\"}},{\"type\":\"text\",\"props\":{\"column_breakpoint\":\"m\",\"content\":\"\n\n<div class=\\\"uk-margin uk-scrollspy-inview uk-animation-slide-bottom\\\" uk-scrollspy-class=\\\"\\\">\\n\n\n<h3><strong>MENORES DE 16 A\\u00d1OS DE EDAD<\\\/strong><\\\/h3>\\n\n\n<p><strong>Todo menor de 16 a\\u00f1os de edad<\\\/strong> que vaya a acceder al recinto deber\\u00e1 de <strong>ir acompa\\u00f1ado<\\\/strong> de un progenitor o tutor\\\/a, portando igualmente fotocopia y original del DNI del progenitor o tutor\\\/a, fotocopia y original del DNI del menor, as\\u00ed como el formulario de autorizaci\\u00f3n y de aceptaci\\u00f3n de responsabilidad, cumplimentado y firmado que pueden descargar de esta pesta\\u00f1a.\\u00a0<\\\/p>\\n<\\\/div>\\n\n\n<div class=\\\"uk-margin uk-scrollspy-inview uk-animation-slide-bottom\\\" uk-scrollspy-class=\\\"\\\">\\n\n\n<h3><strong>MENORES DE ENTRE 16 Y 18 A\\u00d1OS DE EDAD<\\\/strong><\\\/h3>\\n\n\n<div class=\\\"uk-margin uk-scrollspy-inview uk-animation-slide-bottom-medium uk-animation-slide-bottom\\\" uk-scrollspy-class=\\\"\\\">\\n\n\n<p><strong>Los menores de entre 16 y 18 a\\u00f1os de edad,<\\\/strong> estar\\u00e1n igualmente identificados, ya que en el Festival no se sirven bebidas alcoh\\u00f3licas ni venta de tabaco a los menores de edad, pero pueden acceder al recinto del festival sin la compa\\u00f1\\u00eda de un adulto. Para hacerlo, deben portar fotocopia del DNI del progenitor o tutor\\\/a, una fotocopia y original de DNI del menor as\\u00ed como el formulario de autorizaci\\u00f3n y de aceptaci\\u00f3n de responsabilidad, cumplimentado y firmado que pueden descargar de esta pesta\\u00f1a.\\u00a0<\\\/p>\\n<\\\/div>\\n<\\\/div>\\n\n\n<div class=\\\"uk-margin uk-scrollspy-inview uk-animation-slide-bottom\\\" uk-scrollspy-class=\\\"\\\">\\u00a0<\\\/div>\",\"margin\":\"default\"}},{\"type\":\"button\",\"props\":{\"grid_column_gap\":\"small\",\"grid_row_gap\":\"small\",\"margin\":\"default\"},\"children\":[{\"type\":\"button_item\",\"props\":{\"button_style\":\"primary\",\"content\":\"AUTORIZACI\\u00d3N MENORES DE EDAD\",\"icon\":\"download\",\"icon_align\":\"left\",\"link\":\"wp-content\\\/uploads\\\/2025\\\/10\\\/AUT-MENORES-GRANADALATINA26.docx\",\"link_target\":\"blank\"}}]}]}]}]}],\"version\":\"4.4.10\"} --><\/p>\n","protected":false},"excerpt":{"rendered":"<p>AUTORIZACI\u00d3N MENORES MENORES DE 16 A\u00d1OS DE EDAD Todo menor de 16 a\u00f1os de edad que vaya a acceder al recinto deber\u00e1 de ir acompa\u00f1ado de un progenitor o tutor\/a, portando igualmente fotocopia y original del DNI del progenitor o tutor\/a, fotocopia y original del DNI del menor, as\u00ed como el formulario de autorizaci\u00f3n y [&hellip;]<\/p>\n","protected":false},"author":1,"featured_media":0,"parent":0,"menu_order":0,"comment_status":"closed","ping_status":"closed","template":"","meta":{"footnotes":""},"class_list":["post-127","page","type-page","status-publish","hentry"],"_links":{"self":[{"href":"https:\/\/www.granadalatina.es\/en\/wp-json\/wp\/v2\/pages\/127","targetHints":{"allow":["GET"]}}],"collection":[{"href":"https:\/\/www.granadalatina.es\/en\/wp-json\/wp\/v2\/pages"}],"about":[{"href":"https:\/\/www.granadalatina.es\/en\/wp-json\/wp\/v2\/types\/page"}],"author":[{"embeddable":true,"href":"https:\/\/www.granadalatina.es\/en\/wp-json\/wp\/v2\/users\/1"}],"replies":[{"embeddable":true,"href":"https:\/\/www.granadalatina.es\/en\/wp-json\/wp\/v2\/comments?post=127"}],"version-history":[{"count":18,"href":"https:\/\/www.granadalatina.es\/en\/wp-json\/wp\/v2\/pages\/127\/revisions"}],"predecessor-version":[{"id":1939,"href":"https:\/\/www.granadalatina.es\/en\/wp-json\/wp\/v2\/pages\/127\/revisions\/1939"}],"wp:attachment":[{"href":"https:\/\/www.granadalatina.es\/en\/wp-json\/wp\/v2\/media?parent=127"}],"curies":[{"name":"wp","href":"https:\/\/api.w.org\/{rel}","templated":true}]}}